{"id":563,"date":"2024-02-14T16:43:07","date_gmt":"2024-02-14T21:43:07","guid":{"rendered":"https:\/\/inter-op.ca\/?page_id=563"},"modified":"2025-01-15T14:09:09","modified_gmt":"2025-01-15T19:09:09","slug":"klas","status":"publish","type":"page","link":"https:\/\/inter-op.ca\/fr\/klas\/","title":{"rendered":"Klas"},"content":{"rendered":"<div class=\"wpb-content-wrapper\">[vc_section full_width=\u00a0\u00bbstretch_row\u00a0\u00bb el_class=\u00a0\u00bbsection-header\u00a0\u00bb][vc_row el_class=\u00a0\u00bbsection-titre\u00a0\u00bb][vc_column][vc_single_image image=\u00a0\u00bb617&Prime; img_size=\u00a0\u00bbmedium\u00a0\u00bb onclick=\u00a0\u00bbcustom_link\u00a0\u00bb img_link_target=\u00a0\u00bb_blank\u00a0\u00bb css=\u00a0\u00bb\u00a0\u00bb link=\u00a0\u00bbhttps:\/\/www.klasgroup.com\/\u00a0\u00bb][vc_column_text css=\u00a0\u00bb.vc_custom_1736967710692{margin-left: 50px !important;}\u00a0\u00bb]\n<h3>INTELLIGENCE EDGE<\/h3>\n[\/vc_column_text][vc_column_text css=\u00a0\u00bb.vc_custom_1736967716618{margin-left: 50px !important;}\u00a0\u00bb]La technologie la plus puissante au monde pour l&rsquo;arsenal tactique, \u00e9prouv\u00e9e et d\u00e9ploy\u00e9e par le minist\u00e8re am\u00e9ricain de la d\u00e9fense et au-del\u00e0, pour r\u00e9aliser ce que rien d&rsquo;autre ne peut faire.[\/vc_column_text][\/vc_column][\/vc_row][\/vc_section][vc_section full_width=\u00a0\u00bbstretch_row\u00a0\u00bb el_class=\u00a0\u00bbsection-1&Prime;][vc_row][vc_column][vc_single_image image=\u00a0\u00bb545&Prime; img_size=\u00a0\u00bbfull\u00a0\u00bb][\/vc_column][\/vc_row][vc_row][vc_column width=\u00a0\u00bb5\/6&Prime;][vc_column_text]\n<h2>TRIK\u2122<\/h2>\n<h3>Connectez autant de r\u00e9seaux radio que n\u00e9cessaire<\/h3>\n<p>Traditionnellement, l&rsquo;int\u00e9gration des communications radio a \u00e9t\u00e9 difficile et encombrante. Le facteur de forme TrueTactical\u2122 du TRIK change compl\u00e8tement la donne. Rien de tel n&rsquo;existe actuellement au niveau tactique.<\/p>\n<p>Gr\u00e2ce \u00e0 son SWaP extr\u00eamement bas, les partenaires qui ne pouvaient pas communiquer auparavant, peuvent d\u00e9sormais le faire. Rapidement, simplement et en toute transparence, le TRIK\u2122 transforme les communications sur le champ de bataille.<\/p>\n<p><strong>Le kit radio tactique le plus puissant qui soit.<\/strong><\/p>\n<p>Le TRIK\u2122 prend en charge 25 radios portatives. M\u00eame le man-pack s&rsquo;y adapte. Le tout dans un bo\u00eetier robuste \u00e0 faible SWaP, avec une alimentation par batterie, une large gamme de courant alternatif\/continu int\u00e9gr\u00e9e. Il r\u00e9alise des r\u00e9alisations partout, \u00e0 tout moment, en connectant les partenaires de la coalition de mani\u00e8re transparente tout en vous donnant une capacit\u00e9 de type CMOSS, d\u00e8s aujourd&rsquo;hui.[\/vc_column_text][\/vc_column][vc_column width=\u00a0\u00bb1\/6&Prime;][\/vc_column][\/vc_row][vc_row el_class=\u00a0\u00bbsection-3-photos\u00a0\u00bb][vc_column][vc_single_image image=\u00a0\u00bb547&Prime; img_size=\u00a0\u00bbfull\u00a0\u00bb alignment=\u00a0\u00bbcenter\u00a0\u00bb][vc_btn title=\u00a0\u00bbt\u00e9l\u00e9charger la brochure trik\u00a0\u00bb style=\u00a0\u00bbflat\u00a0\u00bb shape=\u00a0\u00bbsquare\u00a0\u00bb align=\u00a0\u00bbcenter\u00a0\u00bb link=\u00a0\u00bburl:https%3A%2F%2Finter-op.ca%2Fwp-content%2Fuploads%2F2024%2F02%2Ftrik.pdf|target:_blank\u00a0\u00bb el_class=\u00a0\u00bbcustom-btn\u00a0\u00bb][\/vc_column][\/vc_row][\/vc_section][vc_section el_class=\u00a0\u00bbsection-bottom\u00a0\u00bb][vc_row][vc_column width=\u00a0\u00bb5\/6&Prime;][vc_column_text]\n<h2>Voyager TDL<\/h2>\n<h3>Une image beaucoup plus grande dans une bo\u00eete beaucoup plus petite<\/h3>\n<p>Faites comme vous l&rsquo;entendez. Ce TRIK\u2122 am\u00e9lior\u00e9 et cette liaison de donn\u00e9es sont con\u00e7us pour \u00eatre plus modulaires afin que vous ayez plus d&rsquo;options. Nous pouvons le configurer comme vous le souhaitez, tout en int\u00e9grant l&rsquo;ensemble dans la valise TrueTactical\u2122 Voyager \u00e0 faible SWaP.<\/p>\n<p><strong>Voyager TDL rend Link 16 minuscule. C&rsquo;est \u00e9norme.<\/strong><\/p>\n<p>Le d\u00e9ploiement de la Link 16 sur le terrain \u00e9tait auparavant synonyme d&rsquo;une grande quantit\u00e9 de mat\u00e9riel lourd et co\u00fbteux. D\u00e9sormais, le Voyager TRIK\u2122 am\u00e9lior\u00e9 prend en charge les radios Link 16, ce qui vous permet de disposer d&rsquo;une solution v\u00e9ritablement tactique et \u00e0 faible SWaP, dont la taille et le poids ne repr\u00e9sentent qu&rsquo;une fraction de ceux des solutions existantes. Il permet aux partenaires de la coalition d&rsquo;exploiter la liaison 16 pour obtenir une image op\u00e9rationnelle commune dans tous les domaines, terrestre, maritime, a\u00e9rien, spatial et cybern\u00e9tique, ce qui leur donne une connaissance totale de la situation l\u00e0 o\u00f9 cela compte le plus.[\/vc_column_text][\/vc_column][vc_column width=\u00a0\u00bb1\/6&Prime;][\/vc_column][\/vc_row][vc_row][vc_column][vc_single_image image=\u00a0\u00bb553&Prime; img_size=\u00a0\u00bbfull\u00a0\u00bb alignment=\u00a0\u00bbcenter\u00a0\u00bb][\/vc_column][\/vc_row][\/vc_section][vc_section full_width=\u00a0\u00bbstretch_row\u00a0\u00bb el_class=\u00a0\u00bbsection-fin\u00a0\u00bb][vc_row][vc_column width=\u00a0\u00bb5\/6&Prime;][vc_column_text]\n<h2>Voyager TDL avec SNC TRAX<\/h2>\n<h3>Lib\u00e9rer la vision de JADC2 et permettre des op\u00e9rations multi-domaines comme jamais auparavant<\/h3>\n<p>Traditionnellement, l&rsquo;int\u00e9gration des communications radio a \u00e9t\u00e9 difficile et encombrante. Le facteur de forme TrueTactical\u2122 du TRIK change compl\u00e8tement la donne. Rien de tel n&rsquo;existe actuellement au niveau tactique.<\/p>\n<p>Gr\u00e2ce \u00e0 son SWaP extr\u00eamement bas, les partenaires qui ne pouvaient pas communiquer auparavant, peuvent d\u00e9sormais le faire. Rapidement, simplement et en toute transparence, le TRIK\u2122 transforme les communications sur le champ de bataille.<\/p>\n<p><strong>Le kit radio tactique le plus puissant qui soit.<\/strong><\/p>\n<p>Le TRIK\u2122 prend en charge 25 radios portatives. M\u00eame le man-pack s&rsquo;y adapte. Le tout dans un bo\u00eetier robuste \u00e0 faible SWaP, avec une alimentation par batterie, une large gamme de courant alternatif\/continu int\u00e9gr\u00e9e. Il r\u00e9alise des op\u00e9rations partout, \u00e0 tout moment, en connectant les partenaires de la coalition de mani\u00e8re transparente tout en vous donnant une capacit\u00e9 de type CMOSS, d\u00e8s aujourd&rsquo;hui.<\/p>\n<p>Gr\u00e2ce \u00e0 son SWaP extr\u00eamement bas, les partenaires qui ne pouvaient pas communiquer auparavant, peuvent d\u00e9sormais le faire. Rapidement, simplement et en toute transparence, le TRIK\u2122 transforme les communications sur le champ de bataille.[\/vc_column_text][\/vc_column][vc_column width=\u00a0\u00bb1\/6&Prime;][\/vc_column][\/vc_row][vc_row el_class=\u00a0\u00bbsection-3-photos\u00a0\u00bb][vc_column][vc_single_image image=\u00a0\u00bb557&Prime; img_size=\u00a0\u00bbfull\u00a0\u00bb alignment=\u00a0\u00bbcenter\u00a0\u00bb][\/vc_column][\/vc_row][\/vc_section][vc_section full_width=\u00a0\u00bbstretch_row\u00a0\u00bb el_class=\u00a0\u00bbsection-cta-banner\u00a0\u00bb][vc_row][vc_column][vc_column_text]\n<h2 style=\"text-align: center;\">CONTACT US ANYTIME FOR OUR<br \/>\nINTERNATIONAL PUBLISHED PRICE LIST.<\/h2>\n[\/vc_column_text][vc_btn title=\u00a0\u00bbCONTACT US\u00a0\u00bb style=\u00a0\u00bbflat\u00a0\u00bb shape=\u00a0\u00bbsquare\u00a0\u00bb align=\u00a0\u00bbcenter\u00a0\u00bb link=\u00a0\u00bburl:%2Fcontact%2F\u00a0\u00bb el_class=\u00a0\u00bbcustom-btn\u00a0\u00bb][\/vc_column][\/vc_row][\/vc_section]\n<\/div>","protected":false},"excerpt":{"rendered":"<p>[vc_section full_width=\u00a0\u00bbstretch_row\u00a0\u00bb el_class=\u00a0\u00bbsection-header\u00a0\u00bb][vc_row el_class=\u00a0\u00bbsection-titre\u00a0\u00bb][vc_column][vc_single_image image=\u00a0\u00bb617&Prime; img_size=\u00a0\u00bbmedium\u00a0\u00bb onclick=\u00a0\u00bbcustom_link\u00a0\u00bb img_link_target=\u00a0\u00bb_blank\u00a0\u00bb css=\u00a0\u00bb\u00a0\u00bb link=\u00a0\u00bbhttps:\/\/www.klasgroup.com\/\u00a0\u00bb][vc_column_text css=\u00a0\u00bb.vc_custom_1736967710692{margin-left: 50px !important;}\u00a0\u00bb] INTELLIGENCE EDGE [\/vc_column_text][vc_column_text css=\u00a0\u00bb.vc_custom_1736967716618{margin-left: 50px !important;}\u00a0\u00bb]La technologie la plus puissante au monde pour l&rsquo;arsenal tactique, \u00e9prouv\u00e9e et d\u00e9ploy\u00e9e par le minist\u00e8re am\u00e9ricain de la d\u00e9fense et au-del\u00e0, pour r\u00e9aliser ce que rien d&rsquo;autre ne peut faire.[\/vc_column_text][\/vc_column][\/vc_row][\/vc_section][vc_section full_width=\u00a0\u00bbstretch_row\u00a0\u00bb el_class=\u00a0\u00bbsection-1&Prime;][vc_row][vc_column][vc_single_image image=\u00a0\u00bb545&Prime; img_size=\u00a0\u00bbfull\u00a0\u00bb][\/vc_column][\/vc_row][vc_row][vc_column width=\u00a0\u00bb5\/6&Prime;][vc_column_text] TRIK\u2122 Connectez autant de r\u00e9seaux radio &#8230;<\/p>\n","protected":false},"author":1,"featured_media":0,"parent":0,"menu_order":0,"comment_status":"closed","ping_status":"closed","template":"template-blank-1.php","meta":{"_monsterinsights_skip_tracking":false,"_monsterinsights_sitenote_active":false,"_monsterinsights_sitenote_note":"","_monsterinsights_sitenote_category":0,"footnotes":""},"class_list":["post-563","page","type-page","status-publish","hentry","no-post-thumbnail"],"_links":{"self":[{"href":"https:\/\/inter-op.ca\/fr\/wp-json\/wp\/v2\/pages\/563","targetHints":{"allow":["GET"]}}],"collection":[{"href":"https:\/\/inter-op.ca\/fr\/wp-json\/wp\/v2\/pages"}],"about":[{"href":"https:\/\/inter-op.ca\/fr\/wp-json\/wp\/v2\/types\/page"}],"author":[{"embeddable":true,"href":"https:\/\/inter-op.ca\/fr\/wp-json\/wp\/v2\/users\/1"}],"replies":[{"embeddable":true,"href":"https:\/\/inter-op.ca\/fr\/wp-json\/wp\/v2\/comments?post=563"}],"version-history":[{"count":0,"href":"https:\/\/inter-op.ca\/fr\/wp-json\/wp\/v2\/pages\/563\/revisions"}],"wp:attachment":[{"href":"https:\/\/inter-op.ca\/fr\/wp-json\/wp\/v2\/media?parent=563"}],"curies":[{"name":"wp","href":"https:\/\/api.w.org\/{rel}","templated":true}]}}