{"id":424,"date":"2022-03-11T11:33:37","date_gmt":"2022-03-11T16:33:37","guid":{"rendered":"https:\/\/inter-op.ca\/?page_id=424"},"modified":"2024-05-28T15:41:05","modified_gmt":"2024-05-28T19:41:05","slug":"vidterra","status":"publish","type":"page","link":"https:\/\/inter-op.ca\/fr\/vidterra\/","title":{"rendered":"VIDTERRA"},"content":{"rendered":"<div class=\"wpb-content-wrapper\">[vc_section el_class=\u00a0\u00bbsection-header\u00a0\u00bb][vc_row][vc_column][vc_column_text]\n<h1 style=\"text-align: center;\">Capacit\u00e9s vid\u00e9o NextGen ISR<\/h1>\n[\/vc_column_text][vc_column_text]\n<p style=\"text-align: center;\">Inter-Op s&rsquo;est associ\u00e9 \u00e0 <a href=\"https:\/\/www.vidterra.com\/\" target=\"_blank\" rel=\"noopener\">Vidterra<\/a> pour d\u00e9velopper davantage l&rsquo;\u00e9cosyst\u00e8me vid\u00e9o TSM ISR en mettant l&rsquo;accent sur le d\u00e9veloppement de logiciels et de solutions bas\u00e9es sur des appareils pour r\u00e9soudre les probl\u00e8mes ISR difficiles.<\/p>\n<p style=\"text-align: center;\">Notre \u00e9quipe combin\u00e9e a cultiv\u00e9 plus de <strong>80 ans d&rsquo;exp\u00e9rience<\/strong> dans la livraison et l&rsquo;exploitation de vid\u00e9os ISR. Nous ma\u00eetrisons l&rsquo;artisanat vid\u00e9o ISR et la conception de produits pour les utilisateurs qui n&rsquo;ont pas le temps d&rsquo;\u00eatre des experts ISR.<\/p>\n[\/vc_column_text][vc_raw_html]JTNDZGl2JTIwY2xhc3MlM0QlMjJjYXJyZSUyMiUzRSUzQyUyRmRpdiUzRSUzQ2RpdiUyMGNsYXNzJTNEJTIybGlnbmUlMjIlM0UlM0MlMkZkaXYlM0UlMEE=[\/vc_raw_html][\/vc_column][\/vc_row][\/vc_section][vc_section full_width=\u00a0\u00bbstretch_row\u00a0\u00bb el_class=\u00a0\u00bbsection-what\u00a0\u00bb][vc_row][vc_column][vc_column_text]\n<h3 style=\"text-align: center;\">ce que nous faisons : rendre le isr facile<\/h3>\n[\/vc_column_text][vc_row_inner][vc_column_inner width=\u00a0\u00bb1\/2&Prime;][vc_single_image image=\u00a0\u00bb406&Prime; img_size=\u00a0\u00bbfull\u00a0\u00bb alignment=\u00a0\u00bbright\u00a0\u00bb][\/vc_column_inner][vc_column_inner width=\u00a0\u00bb1\/2&Prime;][vc_column_text]Soutien direct aux SME pour les engagements \u00e0 haute visibilit\u00e9[\/vc_column_text][\/vc_column_inner][\/vc_row_inner][vc_row_inner][vc_column_inner width=\u00a0\u00bb1\/2&Prime;][vc_single_image image=\u00a0\u00bb410&Prime; img_size=\u00a0\u00bbfull\u00a0\u00bb alignment=\u00a0\u00bbright\u00a0\u00bb][\/vc_column_inner][vc_column_inner width=\u00a0\u00bb1\/2&Prime;][vc_column_text]Outils de diagnostic vid\u00e9o pour les environnements de terrain et de formation[\/vc_column_text][\/vc_column_inner][\/vc_row_inner][vc_row_inner][vc_column_inner width=\u00a0\u00bb1\/2&Prime;][vc_single_image image=\u00a0\u00bb412&Prime; img_size=\u00a0\u00bbfull\u00a0\u00bb alignment=\u00a0\u00bbright\u00a0\u00bb][\/vc_column_inner][vc_column_inner width=\u00a0\u00bb1\/2&Prime;][vc_column_text]Applications logicielles ISR sur mesure[\/vc_column_text][\/vc_column_inner][\/vc_row_inner][vc_row_inner][vc_column_inner width=\u00a0\u00bb1\/2&Prime;][vc_single_image image=\u00a0\u00bb408&Prime; img_size=\u00a0\u00bbfull\u00a0\u00bb alignment=\u00a0\u00bbright\u00a0\u00bb][\/vc_column_inner][vc_column_inner width=\u00a0\u00bb1\/2&Prime;][vc_column_text]Expertise dans les flux de travail ISR et l&rsquo;architecture syst\u00e8me[\/vc_column_text][\/vc_column_inner][\/vc_row_inner][vc_row_inner][vc_column_inner width=\u00a0\u00bb1\/2&Prime;][vc_single_image image=\u00a0\u00bb404&Prime; img_size=\u00a0\u00bbfull\u00a0\u00bb alignment=\u00a0\u00bbright\u00a0\u00bb][\/vc_column_inner][vc_column_inner width=\u00a0\u00bb1\/2&Prime;][vc_column_text]Solutions cloud et sur site pour la simulation d&rsquo;environnements vid\u00e9o complexes[\/vc_column_text][\/vc_column_inner][\/vc_row_inner][\/vc_column][\/vc_row][\/vc_section][vc_section el_class=\u00a0\u00bbsection-apex\u00a0\u00bb][vc_row equal_height=\u00a0\u00bbyes\u00a0\u00bb][vc_column width=\u00a0\u00bb1\/2&Prime;][vc_column_text]\n<h2>APEX<\/h2>\n<p>Vidterra APEX est une plate-forme logicielle pour la gestion, le diagnostic et les tests des actifs vid\u00e9o ISR. APEX est con\u00e7u pour effectuer des t\u00e2ches vid\u00e9o complexes sans n\u00e9cessiter de savoir-faire vid\u00e9o complexe.<\/p>\n<ul>\n<li>Solutions cloud et sur site pour la simulation d&rsquo;environnements vid\u00e9o complexes<\/li>\n<li>Rechercher une vid\u00e9o par nom, tag, heure ou lieu. Localiser rapidement les vid\u00e9os associ\u00e9es dans toute une biblioth\u00e8que<\/li>\n<li>\u00c9tiqueter les actifs et les chronologies. Identifier les caract\u00e9ristiques de la vid\u00e9o et des m\u00e9tadonn\u00e9es et identifier les probl\u00e8mes dans les fichiers communs<\/li>\n<li>Simuler la diffusion vid\u00e9o en direct + KLV \u00e0 l&rsquo;aide de fichiers enregistr\u00e9s. Ex\u00e9cuter des v\u00e9rifications compl\u00e8tes du syst\u00e8me avant les missions en direct<\/li>\n<\/ul>\n[\/vc_column_text][\/vc_column][vc_column width=\u00a0\u00bb1\/2&Prime;][vc_single_image image=\u00a0\u00bb417&Prime; img_size=\u00a0\u00bbfull\u00a0\u00bb][\/vc_column][\/vc_row][\/vc_section][vc_section full_width=\u00a0\u00bbstretch_row\u00a0\u00bb el_class=\u00a0\u00bbsection-compass\u00a0\u00bb][vc_row equal_height=\u00a0\u00bbyes\u00a0\u00bb][vc_column width=\u00a0\u00bb1\/2&Prime;][vc_column_text]\n<h2>Compass<\/h2>\n<h3>Diffusion automatis\u00e9e de vid\u00e9os ISR<br \/>\nEdge | Enterprise | Everywhere<\/h3>\n<p><strong>COMPASS<\/strong> simplifie la distribution vid\u00e9o en utilisant un logiciel intelligent pour remplacer le routage complexe du r\u00e9seau.<\/p>\n<p>Chaque instance de <strong>COMPASS<\/strong> d\u00e9tecte, traite et diffuse automatiquement la vid\u00e9o dans de multiples formats pour les utilisateurs tactiques. Reliez des instances situ\u00e9es \u00e0 diff\u00e9rents endroits dans un cluster pour une surveillance et une orchestration \u00e0 distance \u00e0 partir d&rsquo;un tableau de bord central. D\u00e9placez la vid\u00e9o d&rsquo;un site \u00e0 l&rsquo;autre en un seul clic.[\/vc_column_text][vc_btn title=\u00a0\u00bbfiche technique APEX\u00a0\u00bb style=\u00a0\u00bbflat\u00a0\u00bb shape=\u00a0\u00bbsquare\u00a0\u00bb align=\u00a0\u00bbleft\u00a0\u00bb button_block=\u00a0\u00bbtrue\u00a0\u00bb link=\u00a0\u00bburl:%2Fwp-content%2Fuploads%2F2023%2F03%2FInter-Op_APEX.pdf|target:_blank\u00a0\u00bb el_class=\u00a0\u00bbcustom-btn\u00a0\u00bb][\/vc_column][vc_column width=\u00a0\u00bb1\/2&Prime;][vc_column_text]\n<ul>\n<li>\n<h3>Compresser et convertir des vid\u00e9os<\/h3>\n<p>Con\u00e7u pour les protocoles, transports et codecs vid\u00e9o du minist\u00e8re de la D\u00e9fense. Convertissez en temps r\u00e9el vers des formats compatibles afin de fournir des vid\u00e9os adapt\u00e9es \u00e0 chaque utilisateur et \u00e0 chaque r\u00e9seau.<\/li>\n<li>\n<h3>Vid\u00e9o de d\u00e9couverte automatique<\/h3>\n<p>D\u00e9couverte automatique des sources via la surveillance du r\u00e9seau, les messages SAP et les annonces TAK\/COT. Aucun op\u00e9rateur n&rsquo;est n\u00e9cessaire pour d\u00e9couvrir de nouvelles vid\u00e9os sur le r\u00e9seau<\/li>\n<li>\n<h3>Contr\u00f4le Vid\u00e9o<\/h3>\n<p>Orchestrez plusieurs serveurs COMPASS \u00e0 distance pour d\u00e9placer la vid\u00e9o d&rsquo;un site \u00e0 l&rsquo;autre en un seul clic. Le serveur TAK int\u00e9gr\u00e9 transmet la vid\u00e9o aux dispositifs tactiques p\u00e9riph\u00e9riques.<\/li>\n<li>\n<h3>R\u00e9duire l&rsquo;encombrement vid\u00e9o<\/h3>\n<p>Transf\u00e9rez les vid\u00e9os UVDS dans COMPASS via une connexion WAN et partagez-les avec un nombre illimit\u00e9 d&rsquo;utilisateurs sur le r\u00e9seau local. R\u00e9duit l&rsquo;encombrement du WAN en \u00e9liminant la duplication de la visualisation des UVDS.<\/li>\n<\/ul>\n[\/vc_column_text][\/vc_column][\/vc_row][\/vc_section][vc_section full_width=\u00a0\u00bbstretch_row\u00a0\u00bb el_class=\u00a0\u00bbsection-cta-banner\u00a0\u00bb][vc_row][vc_column][vc_column_text]\n<h2 style=\"text-align: center;\">CONTACTEZ-NOUS \u00c0 TOUT MOMENT POUR<br \/>\nNOTRE LISTE DE PRIX PUBLI\u00c9E \u00c0 L&rsquo;INTERNATIONAL.<\/h2>\n[\/vc_column_text][vc_btn title=\u00a0\u00bbEn savoir plus\u00a0\u00bb style=\u00a0\u00bbflat\u00a0\u00bb shape=\u00a0\u00bbsquare\u00a0\u00bb align=\u00a0\u00bbcenter\u00a0\u00bb link=\u00a0\u00bburl:%2Ffr%2Fcontact%2F\u00a0\u00bb el_class=\u00a0\u00bbcustom-btn\u00a0\u00bb][\/vc_column][\/vc_row][\/vc_section]\n<\/div>","protected":false},"excerpt":{"rendered":"<p>[vc_section el_class=\u00a0\u00bbsection-header\u00a0\u00bb][vc_row][vc_column][vc_column_text] Capacit\u00e9s vid\u00e9o NextGen ISR [\/vc_column_text][vc_column_text] Inter-Op s&rsquo;est associ\u00e9 \u00e0 Vidterra pour d\u00e9velopper davantage l&rsquo;\u00e9cosyst\u00e8me vid\u00e9o TSM ISR en mettant l&rsquo;accent sur le d\u00e9veloppement de logiciels et de solutions bas\u00e9es sur des appareils pour r\u00e9soudre les probl\u00e8mes ISR difficiles. Notre \u00e9quipe combin\u00e9e a cultiv\u00e9 plus de 80 ans d&rsquo;exp\u00e9rience dans la livraison et l&rsquo;exploitation de vid\u00e9os ISR. Nous ma\u00eetrisons &#8230;<\/p>\n","protected":false},"author":1,"featured_media":0,"parent":0,"menu_order":0,"comment_status":"closed","ping_status":"closed","template":"template-blank-1.php","meta":{"_monsterinsights_skip_tracking":false,"_monsterinsights_sitenote_active":false,"_monsterinsights_sitenote_note":"","_monsterinsights_sitenote_category":0,"footnotes":""},"class_list":["post-424","page","type-page","status-publish","hentry","no-post-thumbnail"],"_links":{"self":[{"href":"https:\/\/inter-op.ca\/fr\/wp-json\/wp\/v2\/pages\/424","targetHints":{"allow":["GET"]}}],"collection":[{"href":"https:\/\/inter-op.ca\/fr\/wp-json\/wp\/v2\/pages"}],"about":[{"href":"https:\/\/inter-op.ca\/fr\/wp-json\/wp\/v2\/types\/page"}],"author":[{"embeddable":true,"href":"https:\/\/inter-op.ca\/fr\/wp-json\/wp\/v2\/users\/1"}],"replies":[{"embeddable":true,"href":"https:\/\/inter-op.ca\/fr\/wp-json\/wp\/v2\/comments?post=424"}],"version-history":[{"count":0,"href":"https:\/\/inter-op.ca\/fr\/wp-json\/wp\/v2\/pages\/424\/revisions"}],"wp:attachment":[{"href":"https:\/\/inter-op.ca\/fr\/wp-json\/wp\/v2\/media?parent=424"}],"curies":[{"name":"wp","href":"https:\/\/api.w.org\/{rel}","templated":true}]}}