{"id":420,"date":"2022-03-11T11:25:44","date_gmt":"2022-03-11T16:25:44","guid":{"rendered":"https:\/\/inter-op.ca\/?page_id=420"},"modified":"2022-03-11T11:27:46","modified_gmt":"2022-03-11T16:27:46","slug":"whiskey-mmrc","status":"publish","type":"page","link":"https:\/\/inter-op.ca\/fr\/whiskey-mmrc\/","title":{"rendered":"Whiskey MMRC"},"content":{"rendered":"<div class=\"wpb-content-wrapper\">[vc_row][vc_column][vc_column_text el_class=\u00a0\u00bbleft-verti-text\u00a0\u00bb]SOLUTIONS TACTIQUES NEXT-GEN[\/vc_column_text][\/vc_column][\/vc_row][vc_section el_class=\u00a0\u00bbsection-header\u00a0\u00bb][vc_row][vc_column][vc_column_text]\n<h5 style=\"text-align: center;\">UNE NOUVELLE \u00c8RE DANS L&rsquo;\u00c9QUIPEMENT DE COMBAT EST ARRIV\u00c9E<\/h5>\n[\/vc_column_text][vc_column_text]\n<h1 style=\"text-align: center;\">Whiskey reconnaissance multi-mission<\/h1>\n[\/vc_column_text][vc_column_text]\n<p style=\"text-align: center;\">Inter-Op est fier de s&rsquo;associer \u00e0 The Whisky Project Group, une organisation maritime australienne fiable et \u00e9prouv\u00e9e dont les entreprises ont un collectif de 90 ans couvrant la conception, la fabrication, la maintenance et le maintien de bout en bout de motomarines hautes performances pour la d\u00e9fense internationale, s\u00e9curit\u00e9 publique et recherche et sauvetage maritimes.<\/p>\n<p style=\"text-align: center;\">Les embarcations du projet Whiskey sont le produit d&rsquo;une collaboration entre des op\u00e9rateurs militaires exp\u00e9riment\u00e9s et des ing\u00e9nieurs, architectes et innovateurs maritimes de classe mondiale, pour fournir l&rsquo;AVANTAGE dans les missions maritimes contemporaines avec NextGen C4ISR int\u00e9gr\u00e9 au Canada.<\/p>\n<p style=\"text-align: center;\">The Whisky Project Group a fi\u00e8rement jou\u00e9 un r\u00f4le dans la conception et la construction de plus de 200 embarcations pour des agences gouvernementales, et les trois entreprises de The Whisky Project Group sont des fournisseurs contractuels de la D\u00e9fense dans le cadre de projets de conception, de fabrication et d&rsquo;innovation d&#8217;embarcations.<\/p>\n[\/vc_column_text][vc_raw_html]JTNDZGl2JTIwY2xhc3MlM0QlMjJjYXJyZSUyMiUzRSUzQyUyRmRpdiUzRSUzQ2RpdiUyMGNsYXNzJTNEJTIybGlnbmUlMjIlM0UlM0MlMkZkaXYlM0UlMEE=[\/vc_raw_html][\/vc_column][\/vc_row][vc_row el_class=\u00a0\u00bbvideo-section\u00a0\u00bb][vc_column][vc_raw_html]JTNDdmlkZW8lMjBpZCUzRCUyMnZpZGVvJTIyJTIwYXV0b3BsYXklMjBsb29wJTIwbXV0ZWQlMjBwbGF5c2lubGluZSUyMGNsYXNzJTNEJTIyZGVza3RvcC12aWRlbyUyMiUzRSUwQSUwOSUzQ3NvdXJjZSUyMGRhdGEtc3JjJTNEJTIyJTJGd3AtY29udGVudCUyRnVwbG9hZHMlMkZ2aWRlbyUyRndoaXNrZXktcHJvamVjdC0wMS5tcDQlMjIlMjB0eXBlJTNEJTIydmlkZW8lMkZtcDQlMjIlMjBzcmMlM0QlMjIlMkZ3cC1jb250ZW50JTJGdXBsb2FkcyUyRnZpZGVvJTJGd2hpc2tleS1wcm9qZWN0LTAxLm1wNCUyMiUzRSUwQSUzQyUyRnZpZGVvJTNF[\/vc_raw_html][\/vc_column][\/vc_row][\/vc_section][vc_section full_width=\u00a0\u00bbstretch_row\u00a0\u00bb el_class=\u00a0\u00bbsection-contenu\u00a0\u00bb][vc_row content_placement=\u00a0\u00bbtop\u00a0\u00bb][vc_column width=\u00a0\u00bb1\/2&Prime;][vc_column_text]Int\u00e9grant des fonctionnalit\u00e9s adapt\u00e9es et des technologies de pointe jamais auparavant appliqu\u00e9es collectivement \u00e0 un vaisseau de combat &#8211; et dot\u00e9 de la coque de bateau \u00e0 moteur la plus avanc\u00e9e au monde &#8211; <strong>WHISKEY MMRC<\/strong> est un vaisseau de combat multi-missions sp\u00e9cialement con\u00e7u qui s&rsquo;int\u00e8gre verticalement avec le personnel et les syst\u00e8mes C3 et est sp\u00e9cialement construit pour r\u00e9pondre aux besoins op\u00e9rationnels de l&rsquo;environnement de guerre contemporain.<\/p>\n<p>WHISKY MMRC <strong>fournit une man\u0153uvre littorale organique depuis la mer pour<\/strong> soutenir la surveillance, les collectes, l&rsquo;acquisition d&rsquo;objectifs, la mise en forme de l&rsquo;espace de combat et la reconnaissance, tout en r\u00e9duisant sa signature des capteurs adverses. Il \u00e9tend la port\u00e9e op\u00e9rationnelle des commandants et facilite les op\u00e9rations collaboratives multi-domaines tout en fournissant une plate-forme configurable de mission compatible avec les navires a\u00e9riens \/ \u00e0 voilure tournante et de la marine.<\/p>\n[\/vc_column_text][\/vc_column][vc_column width=\u00a0\u00bb1\/2&Prime;][vc_video link=\u00a0\u00bbhttps:\/\/youtu.be\/-ZqaFNXkzjU\u00a0\u00bb align=\u00a0\u00bbcenter\u00a0\u00bb][vc_btn title=\u00a0\u00bbdemander une brochure\u00a0\u00bb style=\u00a0\u00bbflat\u00a0\u00bb shape=\u00a0\u00bbsquare\u00a0\u00bb align=\u00a0\u00bbcenter\u00a0\u00bb link=\u00a0\u00bburl:%2Ffr%2Fcontact%2F\u00a0\u00bb el_class=\u00a0\u00bbcustom-btn\u00a0\u00bb][\/vc_column][\/vc_row][vc_row][vc_column][vc_single_image image=\u00a0\u00bb384&Prime; img_size=\u00a0\u00bbfull\u00a0\u00bb alignment=\u00a0\u00bbcenter\u00a0\u00bb][\/vc_column][\/vc_row][\/vc_section][vc_section el_class=\u00a0\u00bbsection-whiskey\u00a0\u00bb][vc_row equal_height=\u00a0\u00bbyes\u00a0\u00bb][vc_column width=\u00a0\u00bb1\/2&Prime;][vc_column_text]\n<h2>Whiskey horizon strike<\/h2>\n<p>WHISKEY Multi Mission Reconnaissance Craft pr\u00e9sente la suite technologique WHISKEY HORIZON STRIKE \u2122, une solution r\u00e9volutionnaire \u00e0 faible signature Sense First, See First, Strike First qui combine des syst\u00e8mes, des capteurs et des effecteurs maritimes avanc\u00e9s avec des r\u00e9seaux tactiques en service am\u00e9ricains \u00e9prouv\u00e9s et une connaissance de la situation outils.<\/p>\n<p>D\u00e9velopp\u00e9 par notre partenaire d&rsquo;int\u00e9gration technologique existant, Aries Defense, et en partenariat avec The Whisky Project, WHISKEY HORIZON STRIKE est fondamentalement int\u00e9gr\u00e9 dans la conception WHISKEY MMRC, facilitant une meilleure sensibilisation op\u00e9rationnelle, le commandement et le contr\u00f4le, et la coordination des effets multi-domaines pour fournir aux commandants avec dominance d\u00e9cisionnelle.<\/p>\n<h3>WHISKY MMRC offre un avantage concurrentiel au combattant, un avantage capacitaire \u00e0 la mission et une plus grande opportunit\u00e9 de contr\u00f4ler l&rsquo;avantage dans l&rsquo;espace de combat maritime.<\/h3>\n<h3><strong>Notre objectif est votre avantage.<\/strong><\/h3>\n[\/vc_column_text][\/vc_column][vc_column width=\u00a0\u00bb1\/2&Prime;][vc_single_image image=\u00a0\u00bb390&Prime; img_size=\u00a0\u00bbfull\u00a0\u00bb][\/vc_column][\/vc_row][\/vc_section][vc_section full_width=\u00a0\u00bbstretch_row\u00a0\u00bb el_class=\u00a0\u00bbsection-cta-banner\u00a0\u00bb][vc_row][vc_column][vc_column_text]\n<h2 style=\"text-align: center;\">obtenir une brochure d\u00e9taill\u00e9e<br \/>\net sp\u00e9cifications de la plate-forme<\/h2>\n[\/vc_column_text][vc_btn title=\u00a0\u00bbcontactez-nous\u00a0\u00bb style=\u00a0\u00bbflat\u00a0\u00bb shape=\u00a0\u00bbsquare\u00a0\u00bb align=\u00a0\u00bbcenter\u00a0\u00bb link=\u00a0\u00bburl:%2Ffr%2Fcontact%2F|title:Contact\u00a0\u00bb el_class=\u00a0\u00bbcustom-btn\u00a0\u00bb][\/vc_column][\/vc_row][\/vc_section]\n<\/div>","protected":false},"excerpt":{"rendered":"<p>[vc_row][vc_column][vc_column_text el_class=\u00a0\u00bbleft-verti-text\u00a0\u00bb]SOLUTIONS TACTIQUES NEXT-GEN[\/vc_column_text][\/vc_column][\/vc_row][vc_section el_class=\u00a0\u00bbsection-header\u00a0\u00bb][vc_row][vc_column][vc_column_text] UNE NOUVELLE \u00c8RE DANS L&rsquo;\u00c9QUIPEMENT DE COMBAT EST ARRIV\u00c9E [\/vc_column_text][vc_column_text] Whiskey reconnaissance multi-mission [\/vc_column_text][vc_column_text] Inter-Op est fier de s&rsquo;associer \u00e0 The Whisky Project Group, une organisation maritime australienne fiable et \u00e9prouv\u00e9e dont les entreprises ont un collectif de 90 ans couvrant la conception, la fabrication, la maintenance et le maintien de bout en bout de &#8230;<\/p>\n","protected":false},"author":1,"featured_media":0,"parent":0,"menu_order":0,"comment_status":"closed","ping_status":"closed","template":"template-blank-1.php","meta":{"_monsterinsights_skip_tracking":false,"_monsterinsights_sitenote_active":false,"_monsterinsights_sitenote_note":"","_monsterinsights_sitenote_category":0,"footnotes":""},"class_list":["post-420","page","type-page","status-publish","hentry","no-post-thumbnail"],"_links":{"self":[{"href":"https:\/\/inter-op.ca\/fr\/wp-json\/wp\/v2\/pages\/420","targetHints":{"allow":["GET"]}}],"collection":[{"href":"https:\/\/inter-op.ca\/fr\/wp-json\/wp\/v2\/pages"}],"about":[{"href":"https:\/\/inter-op.ca\/fr\/wp-json\/wp\/v2\/types\/page"}],"author":[{"embeddable":true,"href":"https:\/\/inter-op.ca\/fr\/wp-json\/wp\/v2\/users\/1"}],"replies":[{"embeddable":true,"href":"https:\/\/inter-op.ca\/fr\/wp-json\/wp\/v2\/comments?post=420"}],"version-history":[{"count":0,"href":"https:\/\/inter-op.ca\/fr\/wp-json\/wp\/v2\/pages\/420\/revisions"}],"wp:attachment":[{"href":"https:\/\/inter-op.ca\/fr\/wp-json\/wp\/v2\/media?parent=420"}],"curies":[{"name":"wp","href":"https:\/\/api.w.org\/{rel}","templated":true}]}}