{"id":259,"date":"2021-07-22T14:19:09","date_gmt":"2021-07-22T18:19:09","guid":{"rendered":"https:\/\/inter-op.ca\/?page_id=259"},"modified":"2021-07-22T14:38:23","modified_gmt":"2021-07-22T18:38:23","slug":"contact","status":"publish","type":"page","link":"https:\/\/inter-op.ca\/fr\/contact\/","title":{"rendered":"Contact"},"content":{"rendered":"<div class=\"wpb-content-wrapper\">[vc_row][vc_column][vc_column_text el_class=\u00a0\u00bbleft-verti-text\u00a0\u00bb]solutions tactiques next-gen[\/vc_column_text][\/vc_column][\/vc_row][vc_section full_width=\u00a0\u00bbstretch_row\u00a0\u00bb el_class=\u00a0\u00bbsection-header\u00a0\u00bb][vc_row][vc_column][vc_column_text]\n<h5 style=\"text-align: center;\">Contactez-nous<\/h5>\n[\/vc_column_text][vc_column_text]\n<h1 style=\"text-align: center;\">Nous sommes<br \/>\n\u00e0 votre service<\/h1>\n[\/vc_column_text][vc_column_text]\n<p style=\"text-align: center;\">Contactez-nous \u00e0 tout moment pour discuter davantage de vos besoins.<\/p>\n[\/vc_column_text][vc_row_inner][vc_column_inner width=\u00a0\u00bb1\/2&Prime;][vc_single_image image=\u00a0\u00bb260&Prime; img_size=\u00a0\u00bbfull\u00a0\u00bb alignment=\u00a0\u00bbcenter\u00a0\u00bb][\/vc_column_inner][vc_column_inner width=\u00a0\u00bb1\/2&Prime;][\/vc_column_inner][\/vc_row_inner][\/vc_column][\/vc_row][\/vc_section][vc_section full_width=\u00a0\u00bbstretch_row\u00a0\u00bb el_class=\u00a0\u00bbsection-form\u00a0\u00bb][vc_row][vc_column width=\u00a0\u00bb1\/2&Prime; el_class=\u00a0\u00bbvc_col-sm-push-6&Prime;]\n                <div class='gf_browser_gecko gform_wrapper' id='gform_wrapper_2' ><a id='gf_2' class='gform_anchor' ><\/a><form method='post' enctype='multipart\/form-data' target='gform_ajax_frame_2' id='gform_2'  action='\/fr\/wp-json\/wp\/v2\/pages\/259#gf_2'>\n                        <div class='gform_body'><ul id='gform_fields_2' class='gform_fields top_label form_sublabel_below description_below'><li id='field_2_1' class='gfield gfield_contains_required field_sublabel_below field_description_below hidden_label gfield_visibility_visible' ><label class='gfield_label' for='input_2_1' >Nom complet<span class='gfield_required'>*<\/span><\/label><div class='ginput_container ginput_container_text'><input name='input_1' id='input_2_1' type='text' value='' class='medium'  tabindex='1'  placeholder='Nom complet' aria-required=\"true\" aria-invalid=\"false\" \/><\/div><\/li><li id='field_2_2' class='gfield gfield_contains_required field_sublabel_below field_description_below hidden_label gfield_visibility_visible' ><label class='gfield_label' for='input_2_2' >Courriel<span class='gfield_required'>*<\/span><\/label><div class='ginput_container ginput_container_email'>\n                            <input name='input_2' id='input_2_2' type='text' value='' class='medium' tabindex='2'   placeholder='Courriel' aria-required=\"true\" aria-invalid=\"false\"\/>\n                        <\/div><\/li><li id='field_2_3' class='gfield gfield_contains_required field_sublabel_below field_description_below hidden_label gfield_visibility_visible' ><label class='gfield_label' for='input_2_3' >T\u00e9l\u00e9phone<span class='gfield_required'>*<\/span><\/label><div class='ginput_container ginput_container_phone'><input name='input_3' id='input_2_3' type='text' value='' class='medium' tabindex='3'  placeholder='T\u00e9l\u00e9phone' aria-required=\"true\" aria-invalid=\"false\" \/><\/div><\/li><li id='field_2_5' class='gfield field_sublabel_below field_description_below hidden_label gfield_visibility_visible' ><label class='gfield_label' for='input_2_5' >Adresse<\/label><div class='ginput_container ginput_container_text'><input name='input_5' id='input_2_5' type='text' value='' class='medium'  tabindex='4'  placeholder='Adresse'  aria-invalid=\"false\" \/><\/div><\/li><li id='field_2_6' class='gfield checkbox field_sublabel_below field_description_below gfield_visibility_visible' ><label class='gfield_label'  >Services d&#039;int\u00e9r\u00eat (s\u00e9lectionnez un ou plusieurs)<\/label><div class='ginput_container ginput_container_checkbox'><ul class='gfield_checkbox' id='input_2_6'><li class='gchoice_2_6_1'>\n\t\t\t\t\t\t\t\t<input name='input_6.1' type='checkbox'  value='Acheter le Samsung S-20 TE'  id='choice_2_6_1' tabindex='5'  \/>\n\t\t\t\t\t\t\t\t<label for='choice_2_6_1' id='label_2_6_1'>Acheter le Samsung S-20 TE<\/label>\n\t\t\t\t\t\t\t<\/li><li class='gchoice_2_6_2'>\n\t\t\t\t\t\t\t\t<input name='input_6.2' type='checkbox'  value='Une solution critique d&#039;INTER-OP'  id='choice_2_6_2' tabindex='6'  \/>\n\t\t\t\t\t\t\t\t<label for='choice_2_6_2' id='label_2_6_2'>Une solution critique d'INTER-OP<\/label>\n\t\t\t\t\t\t\t<\/li><li class='gchoice_2_6_3'>\n\t\t\t\t\t\t\t\t<input name='input_6.3' type='checkbox'  value='Services de consultation'  id='choice_2_6_3' tabindex='7'  \/>\n\t\t\t\t\t\t\t\t<label for='choice_2_6_3' id='label_2_6_3'>Services de consultation<\/label>\n\t\t\t\t\t\t\t<\/li><li class='gchoice_2_6_4'>\n\t\t\t\t\t\t\t\t<input name='input_6.4' type='checkbox'  value='Accompagnement \/ Formation terrain'  id='choice_2_6_4' tabindex='8'  \/>\n\t\t\t\t\t\t\t\t<label for='choice_2_6_4' id='label_2_6_4'>Accompagnement \/ Formation terrain<\/label>\n\t\t\t\t\t\t\t<\/li><li class='gchoice_2_6_5'>\n\t\t\t\t\t\t\t\t<input name='input_6.5' type='checkbox'  value='Partenariat'  id='choice_2_6_5' tabindex='9'  \/>\n\t\t\t\t\t\t\t\t<label for='choice_2_6_5' id='label_2_6_5'>Partenariat<\/label>\n\t\t\t\t\t\t\t<\/li><li class='gchoice_2_6_6'>\n\t\t\t\t\t\t\t\t<input name='input_6.6' type='checkbox'  value='Exportation et distribution de technologies'  id='choice_2_6_6' tabindex='10'  \/>\n\t\t\t\t\t\t\t\t<label for='choice_2_6_6' id='label_2_6_6'>Exportation et distribution de technologies<\/label>\n\t\t\t\t\t\t\t<\/li><li class='gchoice_2_6_7'>\n\t\t\t\t\t\t\t\t<input name='input_6.7' type='checkbox'  value='Liste de prix commerciaux'  id='choice_2_6_7' tabindex='11'  \/>\n\t\t\t\t\t\t\t\t<label for='choice_2_6_7' id='label_2_6_7'>Liste de prix commerciaux<\/label>\n\t\t\t\t\t\t\t<\/li><li class='gchoice_2_6_8'>\n\t\t\t\t\t\t\t\t<input name='input_6.8' type='checkbox'  value='Carri\u00e8re \/ Emplois'  id='choice_2_6_8' tabindex='12'  \/>\n\t\t\t\t\t\t\t\t<label for='choice_2_6_8' id='label_2_6_8'>Carri\u00e8re \/ Emplois<\/label>\n\t\t\t\t\t\t\t<\/li><\/ul><\/div><\/li><li id='field_2_7' class='gfield message field_sublabel_below field_description_below hidden_label gfield_visibility_visible' ><label class='gfield_label' for='input_2_7' >Message<\/label><div class='ginput_container ginput_container_text'><input name='input_7' id='input_2_7' type='text' value='' class='medium'  tabindex='13'  placeholder='Message'  aria-invalid=\"false\" \/><\/div><\/li>\n                            <\/ul><\/div>\n        <div class='gform_footer top_label'> <button class='vc_btn3-container custom-btn btn-bleu vc_btn3-center custom-btn btn-bleu' id='gform_submit_button_2'><a class='vc_general vc_btn3 vc_btn3-size-md vc_btn3-shape-square vc_btn3-style-flat vc_btn3-color-grey'>ENVOYER<\/a><\/button> <input type='hidden' name='gform_ajax' value='form_id=2&amp;title=&amp;description=&amp;tabindex=1' \/>\n            <input type='hidden' class='gform_hidden' name='is_submit_2' value='1' \/>\n            <input type='hidden' class='gform_hidden' name='gform_submit' value='2' \/>\n            \n            <input type='hidden' class='gform_hidden' name='gform_unique_id' value='' \/>\n            <input type='hidden' class='gform_hidden' name='state_2' value='WyJbXSIsIjM0Y2RjZGNjNGVkNDcwYWZkMTdhY2JkYmViNDZiYmM5Il0=' \/>\n            <input type='hidden' class='gform_hidden' name='gform_target_page_number_2' id='gform_target_page_number_2' value='0' \/>\n            <input type='hidden' class='gform_hidden' name='gform_source_page_number_2' id='gform_source_page_number_2' value='1' \/>\n            <input type='hidden' name='gform_field_values' value='' \/>\n            \n        <\/div>\n                        <p style=\"display: none !important;\" class=\"akismet-fields-container\" data-prefix=\"ak_\"><label>&#916;<textarea name=\"ak_hp_textarea\" cols=\"45\" rows=\"8\" maxlength=\"100\"><\/textarea><\/label><input type=\"hidden\" id=\"ak_js_1\" name=\"ak_js\" value=\"171\"\/><script>document.getElementById( \"ak_js_1\" ).setAttribute( \"value\", ( new Date() ).getTime() );<\/script><\/p><\/form>\n                        <\/div>\n                <iframe style='display:none;width:0px;height:0px;' src='about:blank' name='gform_ajax_frame_2' id='gform_ajax_frame_2'>This iframe contains the logic required to handle Ajax powered Gravity Forms.<\/iframe>\n                <script type='text\/javascript'>jQuery(document).ready(function($){gformInitSpinner( 2, 'https:\/\/inter-op.ca\/wp-content\/plugins\/gravityforms \/images\/spinner.gif' );jQuery('#gform_ajax_frame_2').load( function(){var contents = jQuery(this).contents().find('*').html();var is_postback = contents.indexOf('GF_AJAX_POSTBACK') >= 0;if(!is_postback){return;}var form_content = jQuery(this).contents().find('#gform_wrapper_2');var is_confirmation = jQuery(this).contents().find('#gform_confirmation_wrapper_2').length > 0;var is_redirect = contents.indexOf('gformRedirect(){') >= 0;var is_form = form_content.length > 0 && ! is_redirect && ! is_confirmation;if(is_form){jQuery('#gform_wrapper_2').html(form_content.html());if(form_content.hasClass('gform_validation_error')){jQuery('#gform_wrapper_2').addClass('gform_validation_error');} else {jQuery('#gform_wrapper_2').removeClass('gform_validation_error');}setTimeout( function() { \/* delay the scroll by 50 milliseconds to fix a bug in chrome *\/ jQuery(document).scrollTop(jQuery('#gform_wrapper_2').offset().top); }, 50 );if(window['gformInitDatepicker']) {gformInitDatepicker();}if(window['gformInitPriceFields']) {gformInitPriceFields();}var current_page = jQuery('#gform_source_page_number_2').val();gformInitSpinner( 2, 'https:\/\/inter-op.ca\/wp-content\/plugins\/gravityforms \/images\/spinner.gif' );jQuery(document).trigger('gform_page_loaded', [2, current_page]);window['gf_submitting_2'] = false;}else if(!is_redirect){var confirmation_content = jQuery(this).contents().find('.GF_AJAX_POSTBACK').html();if(!confirmation_content){confirmation_content = contents;}setTimeout(function(){jQuery('#gform_wrapper_2').replaceWith(confirmation_content);jQuery(document).scrollTop(jQuery('#gf_2').offset().top);jQuery(document).trigger('gform_confirmation_loaded', [2]);window['gf_submitting_2'] = false;}, 50);}else{jQuery('#gform_2').append(contents);if(window['gformRedirect']) {gformRedirect();}}jQuery(document).trigger('gform_post_render', [2, current_page]);} );} );<\/script><script type='text\/javascript'> if(typeof gf_global == 'undefined') var gf_global = {\"gf_currency_config\":{\"name\":\"Dollar canadien\",\"symbol_left\":\"$\",\"symbol_right\":\"CAD\",\"symbol_padding\":\" \",\"thousand_separator\":\",\",\"decimal_separator\":\".\",\"decimals\":2},\"base_url\":\"https:\\\/\\\/inter-op.ca\\\/wp-content\\\/plugins\\\/gravityforms \",\"number_formats\":[],\"spinnerUrl\":\"https:\\\/\\\/inter-op.ca\\\/wp-content\\\/plugins\\\/gravityforms \\\/images\\\/spinner.gif\"};jQuery(document).bind('gform_post_render', function(event, formId, currentPage){if(formId == 2) {if(typeof Placeholders != 'undefined'){\n                        Placeholders.enable();\n                    }} } );jQuery(document).bind('gform_post_conditional_logic', function(event, formId, fields, isInit){} );<\/script><script type='text\/javascript'> jQuery(document).ready(function(){jQuery(document).trigger('gform_post_render', [2, 1]) } ); <\/script>[\/vc_column][vc_column width=\u00a0\u00bb1\/2&Prime; el_class=\u00a0\u00bbvc_col-sm-pull-6&Prime;][vc_btn title=\u00a0\u00bbInfos de contact\u00a0\u00bb style=\u00a0\u00bbflat\u00a0\u00bb shape=\u00a0\u00bbsquare\u00a0\u00bb align=\u00a0\u00bbcenter\u00a0\u00bb link=\u00a0\u00bburl:%23|\u00a0\u00bb el_class=\u00a0\u00bbcustom-btn intel\u00a0\u00bb][vc_raw_html]JTNDZGl2JTIwY2xhc3MlM0QlMjJsaWduZS1pbnRlbCUyMiUzRSUzQyUyRmRpdiUzRSUzQ2RpdiUyMGNsYXNzJTNEJTIyY2VyY2xlLWludGVsJTIyJTNFJTNDJTJGZGl2JTNF[\/vc_raw_html][\/vc_column][\/vc_row][\/vc_section]\n<\/div>","protected":false},"excerpt":{"rendered":"<p>[vc_row][vc_column][vc_column_text el_class=\u00a0\u00bbleft-verti-text\u00a0\u00bb]solutions tactiques next-gen[\/vc_column_text][\/vc_column][\/vc_row][vc_section full_width=\u00a0\u00bbstretch_row\u00a0\u00bb el_class=\u00a0\u00bbsection-header\u00a0\u00bb][vc_row][vc_column][vc_column_text] Contactez-nous [\/vc_column_text][vc_column_text] Nous sommes \u00e0 votre service [\/vc_column_text][vc_column_text] Contactez-nous \u00e0 tout moment pour discuter davantage de vos besoins. [\/vc_column_text][vc_row_inner][vc_column_inner width=\u00a0\u00bb1\/2&Prime;][vc_single_image image=\u00a0\u00bb260&Prime; img_size=\u00a0\u00bbfull\u00a0\u00bb alignment=\u00a0\u00bbcenter\u00a0\u00bb][\/vc_column_inner][vc_column_inner width=\u00a0\u00bb1\/2&Prime;][\/vc_column_inner][\/vc_row_inner][\/vc_column][\/vc_row][\/vc_section][vc_section full_width=\u00a0\u00bbstretch_row\u00a0\u00bb el_class=\u00a0\u00bbsection-form\u00a0\u00bb][vc_row][vc_column width=\u00a0\u00bb1\/2&Prime; el_class=\u00a0\u00bbvc_col-sm-push-6&Prime;][\/vc_column][vc_column width=\u00a0\u00bb1\/2&Prime; el_class=\u00a0\u00bbvc_col-sm-pull-6&Prime;][vc_btn title=\u00a0\u00bbInfos de contact\u00a0\u00bb style=\u00a0\u00bbflat\u00a0\u00bb shape=\u00a0\u00bbsquare\u00a0\u00bb align=\u00a0\u00bbcenter\u00a0\u00bb link=\u00a0\u00bburl:%23|\u00a0\u00bb el_class=\u00a0\u00bbcustom-btn intel\u00a0\u00bb][vc_raw_html]JTNDZGl2JTIwY2xhc3MlM0QlMjJsaWduZS1pbnRlbCUyMiUzRSUzQyUyRmRpdiUzRSUzQ2RpdiUyMGNsYXNzJTNEJTIyY2VyY2xlLWludGVsJTIyJTNFJTNDJTJGZGl2JTNF[\/vc_raw_html][\/vc_column][\/vc_row][\/vc_section]<\/p>\n","protected":false},"author":1,"featured_media":0,"parent":0,"menu_order":0,"comment_status":"closed","ping_status":"closed","template":"template-blank-1.php","meta":{"_monsterinsights_skip_tracking":false,"_monsterinsights_sitenote_active":false,"_monsterinsights_sitenote_note":"","_monsterinsights_sitenote_category":0,"footnotes":""},"class_list":["post-259","page","type-page","status-publish","hentry","no-post-thumbnail"],"_links":{"self":[{"href":"https:\/\/inter-op.ca\/fr\/wp-json\/wp\/v2\/pages\/259","targetHints":{"allow":["GET"]}}],"collection":[{"href":"https:\/\/inter-op.ca\/fr\/wp-json\/wp\/v2\/pages"}],"about":[{"href":"https:\/\/inter-op.ca\/fr\/wp-json\/wp\/v2\/types\/page"}],"author":[{"embeddable":true,"href":"https:\/\/inter-op.ca\/fr\/wp-json\/wp\/v2\/users\/1"}],"replies":[{"embeddable":true,"href":"https:\/\/inter-op.ca\/fr\/wp-json\/wp\/v2\/comments?post=259"}],"version-history":[{"count":0,"href":"https:\/\/inter-op.ca\/fr\/wp-json\/wp\/v2\/pages\/259\/revisions"}],"wp:attachment":[{"href":"https:\/\/inter-op.ca\/fr\/wp-json\/wp\/v2\/media?parent=259"}],"curies":[{"name":"wp","href":"https:\/\/api.w.org\/{rel}","templated":true}]}}