{"id":257,"date":"2021-07-14T14:42:02","date_gmt":"2021-07-14T18:42:02","guid":{"rendered":"https:\/\/inter-op.ca\/?page_id=257"},"modified":"2024-02-14T11:50:17","modified_gmt":"2024-02-14T16:50:17","slug":"partenaires-technologiques","status":"publish","type":"page","link":"https:\/\/inter-op.ca\/fr\/partenaires-technologiques\/","title":{"rendered":"Partenaires technologiques"},"content":{"rendered":"<div class=\"wpb-content-wrapper\">[vc_row][vc_column][vc_column_text el_class=\u00a0\u00bbleft-verti-text\u00a0\u00bb]\n<div class=\"vc_row wpb_row vc_row-fluid\">\n<div class=\"wpb_column vc_column_container vc_col-sm-12\">\n<div class=\"vc_column-inner\">\n<div class=\"wpb_wrapper\">\n<div class=\"wpb_text_column wpb_content_element left-verti-text\">\n<div class=\"wpb_wrapper\">\n<p>SOLUTIONS TACTIQUES NEXT-GEN<\/p><\/div>\n<\/div>\n<\/div>\n<\/div>\n<\/div>\n<\/div>\n[\/vc_column_text][\/vc_column][\/vc_row][vc_section el_class=\u00a0\u00bbsection-header\u00a0\u00bb][vc_row][vc_column][vc_column_text]\n<h1>Partenaires technologiques<\/h1>\n[\/vc_column_text][vc_column_text]Inter-Op est fier d&rsquo;identifier des partenaires technologiques de pointe pour les int\u00e9grer et\/ou fournir des solutions autonomes \u00e0 nos clients.[\/vc_column_text][\/vc_column][\/vc_row][\/vc_section][vc_section full_width=\u00a0\u00bbstretch_row\u00a0\u00bb el_class=\u00a0\u00bbsection-hoverfly\u00a0\u00bb][vc_row][vc_column][vc_column_text]\n<h2>Hoverfly technologies<\/h2>\n[\/vc_column_text][vc_row_inner][vc_column_inner width=\u00a0\u00bb1\/2&Prime;][vc_column_text]\n<h3>FONCTIONNEMENT SIMPLE \u00c0 CINQ BOUTONS<\/h3>\n<p>Aucune comp\u00e9tence de pilotage particuli\u00e8re n\u2019est requise pour le fonctionnement, avec le syst\u00e8me unique \u00e0 cinq boutons de Hoverfly sur le centre de contr\u00f4le pour contr\u00f4ler le drone sur l\u2019attache \u00e0 partir d\u2019une position fixe ou mobile.<\/p>\n<h3>Power Over the Tether<\/h3>\n<p>Les syst\u00e8mes attach\u00e9s sont aliment\u00e9s par un cordon fin et longue port\u00e9e de notre station de contr\u00f4le, ce qui signifie qu\u2019il n\u2019y a pas de gestion de la batterie \u00e0 craindre et un temps de vol illimit\u00e9.<\/p>\n<h3>FACILEMENT TRANSPORT\u00c9<\/h3>\n<p>Beaucoup de nos syst\u00e8mes se composent de drones tr\u00e8s portables, de pistes d\u2019atterrissage en option et d\u2019un centre de contr\u00f4le dans un \u00e9tui rigide. Cela permet une configuration rapide de n\u2019importe o\u00f9 et une flexibilit\u00e9 maximale pour une utilisation sur sc\u00e8ne, dans un v\u00e9hicule ou connect\u00e9e \u00e0 distance.[\/vc_column_text][\/vc_column_inner][vc_column_inner width=\u00a0\u00bb1\/2&Prime;][vc_column_text]\n<h3>Communications vid\u00e9o et de donn\u00e9es s\u00e9curis\u00e9es<\/h3>\n<p>Les donn\u00e9es sont transmises par l&rsquo;interm\u00e9diaire du c\u00e2ble. L&rsquo;absence de signaux RF signifie que votre vid\u00e9o et vos donn\u00e9es ne risquent pas d&rsquo;\u00eatre brouill\u00e9es ou vol\u00e9es, ce qui fait de Hoverfly un syst\u00e8me s\u00e9curis\u00e9, fabriqu\u00e9 aux \u00c9tats-Unis, id\u00e9al pour les op\u00e9rations sensibles.[\/vc_column_text][vc_single_image image=\u00a0\u00bb318&Prime; img_size=\u00a0\u00bbfull\u00a0\u00bb][\/vc_column_inner][\/vc_row_inner][vc_btn title=\u00a0\u00bbvisiter hoverflytech.com\u00a0\u00bb style=\u00a0\u00bbflat\u00a0\u00bb shape=\u00a0\u00bbsquare\u00a0\u00bb align=\u00a0\u00bbcenter\u00a0\u00bb link=\u00a0\u00bburl:https%3A%2F%2Fhoverflytech.com|target:_blank\u00a0\u00bb el_class=\u00a0\u00bbcustom-btn\u00a0\u00bb][\/vc_column][\/vc_row][\/vc_section][vc_section full_width=\u00a0\u00bbstretch_row\u00a0\u00bb el_class=\u00a0\u00bbsection-aries\u00a0\u00bb][vc_row][vc_column][vc_column_text]\n<h2>Aries defense<\/h2>\n<div class=\"wpb_text_column wpb_content_element \">\n<div class=\"wpb_wrapper\">\n<h3>LOGICIEL ET APPLICATION TACTIQUES<\/h3>\n<\/div>\n<\/div>\n[\/vc_column_text][vc_row_inner][vc_column_inner width=\u00a0\u00bb1\/2&Prime;][vc_column_text]Aries Defense poss\u00e8de une exp\u00e9rience technique diversifi\u00e9e dans les op\u00e9rations tactiques, l\u2019ing\u00e9nierie de r\u00e9seau, l\u2019ing\u00e9nierie logicielle, la cybers\u00e9curit\u00e9, le d\u00e9veloppement de logiciels mobiles, la mod\u00e9lisation et la simulation, l\u2019analyse des ADM, l\u2019analyse de Big Data et une connaissance approfondie des syst\u00e8mes d\u2019information g\u00e9ographique.[\/vc_column_text][\/vc_column_inner][vc_column_inner width=\u00a0\u00bb1\/2&Prime;][vc_column_text]\n<ul>\n<li>checkpoints<sup>tm<\/sup><\/li>\n<li>overwatch<sup>tm<\/sup><\/li>\n<li>Tactical network trainer (tnt)<\/li>\n<\/ul>\n[\/vc_column_text][\/vc_column_inner][\/vc_row_inner][vc_btn title=\u00a0\u00bbvisiter Ariesdefense.com\u00a0\u00bb style=\u00a0\u00bbflat\u00a0\u00bb shape=\u00a0\u00bbsquare\u00a0\u00bb align=\u00a0\u00bbleft\u00a0\u00bb link=\u00a0\u00bburl:https%3A%2F%2Fariesdefense.com|target:_blank\u00a0\u00bb el_class=\u00a0\u00bbcustom-btn\u00a0\u00bb][\/vc_column][\/vc_row][\/vc_section][vc_section full_width=\u00a0\u00bbstretch_row\u00a0\u00bb el_class=\u00a0\u00bbsection-highside\u00a0\u00bb][vc_row][vc_column][vc_row_inner equal_height=\u00a0\u00bbyes\u00a0\u00bb][vc_column_inner width=\u00a0\u00bb1\/2&Prime;][vc_column_text]\n<h2>Hascall-Denke<\/h2>\n<h3>LA SOURCE MONDIALE D&rsquo;ANTENNES.<\/h3>\n<p>Hascall-Denke fournit des solutions d&rsquo;antennes sur mesure pour r\u00e9pondre aux besoins sp\u00e9cifiques de ses clients.[\/vc_column_text][vc_btn title=\u00a0\u00bbvisit hascall-denke.com\u00a0\u00bb style=\u00a0\u00bbflat\u00a0\u00bb shape=\u00a0\u00bbsquare\u00a0\u00bb align=\u00a0\u00bbleft\u00a0\u00bb link=\u00a0\u00bburl:https%3A%2F%2Fwww.hascall-denke.com%2F|target:_blank\u00a0\u00bb el_class=\u00a0\u00bbcustom-btn\u00a0\u00bb][\/vc_column_inner][vc_column_inner width=\u00a0\u00bb1\/2&Prime;][vc_single_image image=\u00a0\u00bb529&Prime; img_size=\u00a0\u00bbfull\u00a0\u00bb][\/vc_column_inner][\/vc_row_inner][\/vc_column][\/vc_row][\/vc_section][vc_section full_width=\u00a0\u00bbstretch_row\u00a0\u00bb el_class=\u00a0\u00bbsection-aries\u00a0\u00bb][vc_row][vc_column][vc_row_inner][vc_column_inner width=\u00a0\u00bb1\/2&Prime;][vc_column_text]\n<h2>bluesky mast<\/h2>\n<h3>Un seul m\u00e2t. Des configurations infinies<\/h3>\n[\/vc_column_text][vc_column_text]Nous construisons les plates-formes de m\u00e2ts portables polyvalentes et portables les plus avanc\u00e9es au monde pour les communications et la surveillance militaires.[\/vc_column_text][vc_btn title=\u00a0\u00bbvisiter blueskymast.com\u00a0\u00bb style=\u00a0\u00bbflat\u00a0\u00bb shape=\u00a0\u00bbsquare\u00a0\u00bb align=\u00a0\u00bbleft\u00a0\u00bb link=\u00a0\u00bburl:https%3A%2F%2Fblueskymast.com%2F|target:_blank\u00a0\u00bb el_class=\u00a0\u00bbcustom-btn\u00a0\u00bb][\/vc_column_inner][vc_column_inner width=\u00a0\u00bb1\/2&Prime;][vc_single_image image=\u00a0\u00bb525&Prime; img_size=\u00a0\u00bbfull\u00a0\u00bb][\/vc_column_inner][\/vc_row_inner][\/vc_column][\/vc_row][\/vc_section][vc_section full_width=\u00a0\u00bbstretch_row\u00a0\u00bb el_class=\u00a0\u00bbsection-highside\u00a0\u00bb][vc_row][vc_column][vc_row_inner equal_height=\u00a0\u00bbyes\u00a0\u00bb][vc_column_inner width=\u00a0\u00bb1\/2&Prime;][vc_column_text]\n<h2>bryodyn technologies<\/h2>\n<h3>Experts en solutions informatiques compl\u00e8tes.<\/h3>\n<p>Bryodyn Technologies est une petite entreprise dirig\u00e9e par des v\u00e9t\u00e9rans, sp\u00e9cialis\u00e9e dans le d\u00e9veloppement et le soutien de syst\u00e8mes de technologie de l&rsquo;information dans un large \u00e9ventail de disciplines.[\/vc_column_text][vc_btn title=\u00a0\u00bbvisiter bryodyn.com\u00a0\u00bb style=\u00a0\u00bbflat\u00a0\u00bb shape=\u00a0\u00bbsquare\u00a0\u00bb align=\u00a0\u00bbleft\u00a0\u00bb link=\u00a0\u00bburl:https%3A%2F%2Fwww.bryodyn.com%2F|target:_blank\u00a0\u00bb el_class=\u00a0\u00bbcustom-btn\u00a0\u00bb][\/vc_column_inner][vc_column_inner width=\u00a0\u00bb1\/2&Prime;][vc_single_image image=\u00a0\u00bb527&Prime; img_size=\u00a0\u00bbfull\u00a0\u00bb][\/vc_column_inner][\/vc_row_inner][\/vc_column][\/vc_row][\/vc_section][vc_section full_width=\u00a0\u00bbstretch_row\u00a0\u00bb el_class=\u00a0\u00bbsection-cta-banner\u00a0\u00bb][vc_row][vc_column][vc_column_text]\n<h2 style=\"text-align: center;\">QUELS QUE SOIENT VOS BESOINS,<br \/>\nNOUS AVONS LA BONNE SOLUTION.<\/h2>\n[\/vc_column_text][vc_btn title=\u00a0\u00bbContactez-nous\u00a0\u00bb style=\u00a0\u00bbflat\u00a0\u00bb shape=\u00a0\u00bbsquare\u00a0\u00bb align=\u00a0\u00bbcenter\u00a0\u00bb link=\u00a0\u00bburl:%2Ffr%2Fcontact%2F\u00a0\u00bb el_class=\u00a0\u00bbcustom-btn\u00a0\u00bb][\/vc_column][\/vc_row][\/vc_section]\n<\/div>","protected":false},"excerpt":{"rendered":"<p>[vc_row][vc_column][vc_column_text el_class=\u00a0\u00bbleft-verti-text\u00a0\u00bb] SOLUTIONS TACTIQUES NEXT-GEN [\/vc_column_text][\/vc_column][\/vc_row][vc_section el_class=\u00a0\u00bbsection-header\u00a0\u00bb][vc_row][vc_column][vc_column_text] Partenaires technologiques [\/vc_column_text][vc_column_text]Inter-Op est fier d&rsquo;identifier des partenaires technologiques de pointe pour les int\u00e9grer et\/ou fournir des solutions autonomes \u00e0 nos clients.[\/vc_column_text][\/vc_column][\/vc_row][\/vc_section][vc_section full_width=\u00a0\u00bbstretch_row\u00a0\u00bb el_class=\u00a0\u00bbsection-hoverfly\u00a0\u00bb][vc_row][vc_column][vc_column_text] Hoverfly technologies [\/vc_column_text][vc_row_inner][vc_column_inner width=\u00a0\u00bb1\/2&Prime;][vc_column_text] FONCTIONNEMENT SIMPLE \u00c0 CINQ BOUTONS Aucune comp\u00e9tence de pilotage particuli\u00e8re n\u2019est requise pour le fonctionnement, avec le syst\u00e8me unique \u00e0 cinq boutons de Hoverfly sur &#8230;<\/p>\n","protected":false},"author":1,"featured_media":0,"parent":0,"menu_order":0,"comment_status":"closed","ping_status":"closed","template":"template-blank-1.php","meta":{"_monsterinsights_skip_tracking":false,"_monsterinsights_sitenote_active":false,"_monsterinsights_sitenote_note":"","_monsterinsights_sitenote_category":0,"footnotes":""},"class_list":["post-257","page","type-page","status-publish","hentry","no-post-thumbnail"],"_links":{"self":[{"href":"https:\/\/inter-op.ca\/fr\/wp-json\/wp\/v2\/pages\/257","targetHints":{"allow":["GET"]}}],"collection":[{"href":"https:\/\/inter-op.ca\/fr\/wp-json\/wp\/v2\/pages"}],"about":[{"href":"https:\/\/inter-op.ca\/fr\/wp-json\/wp\/v2\/types\/page"}],"author":[{"embeddable":true,"href":"https:\/\/inter-op.ca\/fr\/wp-json\/wp\/v2\/users\/1"}],"replies":[{"embeddable":true,"href":"https:\/\/inter-op.ca\/fr\/wp-json\/wp\/v2\/comments?post=257"}],"version-history":[{"count":0,"href":"https:\/\/inter-op.ca\/fr\/wp-json\/wp\/v2\/pages\/257\/revisions"}],"wp:attachment":[{"href":"https:\/\/inter-op.ca\/fr\/wp-json\/wp\/v2\/media?parent=257"}],"curies":[{"name":"wp","href":"https:\/\/api.w.org\/{rel}","templated":true}]}}