{"id":237,"date":"2021-07-16T07:52:28","date_gmt":"2021-07-16T11:52:28","guid":{"rendered":"https:\/\/inter-op.ca\/?page_id=237"},"modified":"2024-04-25T14:03:56","modified_gmt":"2024-04-25T18:03:56","slug":"samsung-tactical-edition","status":"publish","type":"page","link":"https:\/\/inter-op.ca\/fr\/samsung-tactical-edition\/","title":{"rendered":"Samsung Tactical Edition"},"content":{"rendered":"<div class=\"wpb-content-wrapper\">[vc_row][vc_column][vc_column_text el_class=\u00a0\u00bbleft-verti-text\u00a0\u00bb]solutions tactiques de nouvelle g\u00e9n\u00e9ration[\/vc_column_text][\/vc_column][\/vc_row][vc_section el_class=\u00a0\u00bbsection-header\u00a0\u00bb][vc_row el_class=\u00a0\u00bbsection-titre\u00a0\u00bb][vc_column][vc_column_text]\n<h1>Samsung Galaxy<br \/>\n\u00e9dition tactique<\/h1>\n<p>pour consommateurs[\/vc_column_text][vc_column_text]Inter-Op est un revendeur certifi\u00e9 des S23 et XCover6 Pro Edition Tactique afin de proposer un smartphone militaire pr\u00eat \u00e0 l&#8217;emploi, con\u00e7u et \u00e9prouv\u00e9 par des op\u00e9rateurs d&rsquo;op\u00e9rations sp\u00e9ciales.<\/p>\n<p>Fournisseur officiel du projet de syst\u00e8me int\u00e9gr\u00e9 du soldat (ISSP) de l&rsquo;arm\u00e9e canadienne pour le dispositif de l&rsquo;utilisateur final (EUD) 2.0 et la solution de gestion des dispositifs mobiles tactiques.[\/vc_column_text][vc_column_text el_class=\u00a0\u00bbcustom-btn-2&Prime;]<a href=\"https:\/\/inter-op.ca\/fr\/contact\/\">Acheter les appareils de l&rsquo;\u00e9dition tactique<\/a>[\/vc_column_text][\/vc_column][\/vc_row][\/vc_section][vc_section full_width=\u00a0\u00bbstretch_row\u00a0\u00bb el_class=\u00a0\u00bbsection-mission\u00a0\u00bb][vc_row][vc_column width=\u00a0\u00bb1\/2&Prime;][vc_column_text]\n<h2>PR\u00caT POUR LA MISSION.<br \/>\n\u00c9PROUV\u00c9 PAR LES OP\u00c9RATEURS.<\/h2>\n[\/vc_column_text][vc_column_text]S&rsquo;appuyant sur le succ\u00e8s \u00e9prouv\u00e9 du Galaxy S20 Tactical Edition pour les op\u00e9rateurs sur le terrain, les derniers ajouts offrent une durabilit\u00e9, une fonctionnalit\u00e9 et une puissance de traitement accrues. Con\u00e7us pour se connecter de mani\u00e8re transparente aux radios tactiques et aux syst\u00e8mes de mission afin d&rsquo;am\u00e9liorer la connaissance de la situation pour une image op\u00e9rationnelle commune, les smartphones Samsung Tactical Edition sont les seuls appareils dont l&rsquo;utilisateur final a besoin. Les smartphones Samsung Tactical Edition sont les seuls appareils destin\u00e9s \u00e0 l&rsquo;utilisateur final dont vous aurez besoin pour la planification des missions, l&rsquo;entra\u00eenement, les op\u00e9rations et l&rsquo;utilisation quotidienne.[\/vc_column_text][\/vc_column][vc_column width=\u00a0\u00bb1\/2&Prime;][vc_raw_html]JTNDdmlkZW8lMjBhdXRvcGxheSUyMGxvb3AlMjBtdXRlZCUyMHBsYXlzaW5saW5lJTIwY2xhc3MlM0QlMjJkZXNrdG9wLXZpZGVvJTIyJTNFJTBBJTA5JTNDc291cmNlJTIwZGF0YS1zcmMlM0QlMjIlMkZ3cC1jb250ZW50JTJGdXBsb2FkcyUyRnZpZGVvJTJGczIwLXdlYi5tcDQlMjIlMjB0eXBlJTNEJTIydmlkZW8lMkZtcDQlMjIlMjBzcmMlM0QlMjIlMkZ3cC1jb250ZW50JTJGdXBsb2FkcyUyRnZpZGVvJTJGczIwLXdlYi5tcDQlMjIlM0UlMEElM0MlMkZ2aWRlbyUzRQ==[\/vc_raw_html][\/vc_column][\/vc_row][vc_row disable_element=\u00a0\u00bbyes\u00a0\u00bb][vc_column width=\u00a0\u00bb1\/2&Prime;][vc_column_text]\n<h2>MISSION-READY MOBILITY.<br \/>\nPROVEN BY OPERATORS.<\/h2>\n[\/vc_column_text][vc_column_text]Based on the proven success of the S9 Tactical Edition for operators in the field, the S20 Tactical Edition is the only end user device you\u2019ll need for mission planning, training, operations and daily use.[\/vc_column_text][\/vc_column][vc_column width=\u00a0\u00bb1\/2&Prime;][vc_single_image image=\u00a0\u00bb164&Prime; img_size=\u00a0\u00bbfull\u00a0\u00bb alignment=\u00a0\u00bbcenter\u00a0\u00bb][\/vc_column][\/vc_row][vc_row][vc_column width=\u00a0\u00bb1\/2&Prime; el_class=\u00a0\u00bbvc_col-sm-push-6&Prime;][vc_column_text]\n<h2>DONN\u00c9ES TOP SECR\u00c8TES<br \/>\nSUR LE TERRAIN<\/h2>\n<p>Avec ses deux couches de cryptage, Knox DualDAR permet de stocker en toute confiance des donn\u00e9es jusqu&rsquo;\u00e0 tr\u00e8s secr\u00e8tes, m\u00eame lorsque l&rsquo;appareil est \u00e9teint ou dans un \u00e9tat non authentifi\u00e9.<\/p>\n<h2>DOUBLE CHA\u00ceNAGE VPN FLEXIBLE<\/h2>\n<p>Utilisez plusieurs VPN pour plus de s\u00e9curit\u00e9 et acheminez le trafic via deux tunnels VPN diff\u00e9rents.<\/p>\n<h2>S\u00c9CURIT\u00c9 DE NIVEAU D\u00c9FENSE<\/h2>\n<p>La plateforme de s\u00e9curit\u00e9 Knox offre aux agences un dispositif \u00e9prouv\u00e9 et fiable pour s\u00e9curiser les communications vocales, vid\u00e9o et de donn\u00e9es.[\/vc_column_text][\/vc_column][vc_column width=\u00a0\u00bb1\/2&Prime; el_class=\u00a0\u00bbvc_col-sm-pull-6&Prime;][vc_single_image image=\u00a0\u00bb167&Prime; img_size=\u00a0\u00bbfull\u00a0\u00bb alignment=\u00a0\u00bbcenter\u00a0\u00bb el_class=\u00a0\u00bboverlay-img\u00a0\u00bb][\/vc_column][\/vc_row][vc_row][vc_column width=\u00a0\u00bb1\/2&Prime;][vc_column_text]\n<h2>R\u00c9POND AUX NORMES<br \/>\nLES PLUS \u00c9LEV\u00c9ES<\/h2>\n[\/vc_column_text][vc_column_text]Ce smartphone militaire peut \u00eatre utilis\u00e9 pour des communications classifi\u00e9es. Les smartphones Tactical Edition de Samsung sont certifi\u00e9s, notamment par la NSA&rsquo;s CSfC Component&rsquo;s List, NIAP Common Criteria\/MDFPP, DODIN APL, FIPS 140-2 et DISA Android STIG.[\/vc_column_text][\/vc_column][vc_column width=\u00a0\u00bb1\/2&Prime;][vc_single_image image=\u00a0\u00bb446&Prime; img_size=\u00a0\u00bbfull\u00a0\u00bb alignment=\u00a0\u00bbcenter\u00a0\u00bb][\/vc_column][\/vc_row][vc_row el_class=\u00a0\u00bbsection-warning\u00a0\u00bb][vc_column][vc_column_text]\n<h2 style=\"text-align: center;\">Les appareils Samsung Tactical Edition pour consommateurs ne peut \u00eatre vendu qu&rsquo;au gouvernement, \u00e0 l&rsquo;arm\u00e9e et aux autorit\u00e9s charg\u00e9es de l&rsquo;application de la loi.<\/h2>\n[\/vc_column_text][vc_btn title=\u00a0\u00bbAcheter le Samsung Galaxy Tactical Edition EUD&rsquo;s maintenant\u00a0\u00bb style=\u00a0\u00bbflat\u00a0\u00bb shape=\u00a0\u00bbsquare\u00a0\u00bb align=\u00a0\u00bbcenter\u00a0\u00bb link=\u00a0\u00bburl:%2Fcontact%2F\u00a0\u00bb el_class=\u00a0\u00bbcustom-btn\u00a0\u00bb][\/vc_column][\/vc_row][\/vc_section][vc_section el_class=\u00a0\u00bbsection-2&Prime;][vc_row][vc_column width=\u00a0\u00bb1\/2&Prime;][vc_single_image image=\u00a0\u00bb448&Prime; img_size=\u00a0\u00bbfull\u00a0\u00bb alignment=\u00a0\u00bbcenter\u00a0\u00bb][vc_column_text]\n<h2>Galaxy XCover6 Pro<br \/>\n\u00c9dition tactique<\/h2>\n<p><strong>\u00a0<\/strong><\/p>\n<p><strong>Conception robuste<\/strong><br \/>\nTest\u00e9 selon la norme MIL-STD-810H,1 et un test de chute de 1,5 m.2 L&rsquo;indice IP68 r\u00e9siste \u00e0 la poussi\u00e8re, \u00e0 la salet\u00e9, au sable et \u00e0 l&rsquo;eau. Dot\u00e9 d&rsquo;un \u00e9cran tactile sensible qui suit parfaitement votre doigt, m\u00eame lorsqu&rsquo;il est mouill\u00e9 ou que vous portez des gants.<\/p>\n<p><strong>Batterie rempla\u00e7able longue dur\u00e9e<\/strong><br \/>\nUne batterie longue dur\u00e9e, avec prise en charge de la charge rapide et de la charge par pogo pin. Vous pouvez \u00e9galement retirer la batterie et la remplacer par une autre pour un d\u00e9lai d&rsquo;ex\u00e9cution plus rapide.<\/p>\n<p><strong>\u00a0<\/strong>[\/vc_column_text][\/vc_column][vc_column width=\u00a0\u00bb1\/2&Prime;][vc_single_image image=\u00a0\u00bb450&Prime; img_size=\u00a0\u00bbfull\u00a0\u00bb alignment=\u00a0\u00bbcenter\u00a0\u00bb][vc_column_text]\n<h2>Galaxy S23<br \/>\n\u00c9dition tactique<\/h2>\n<p><strong>\u00a0<\/strong><\/p>\n<p><strong>Capturez l&rsquo;intelligence en cas de faible luminosit\u00e9<\/strong><br \/>\nUtilisez l&rsquo;appareil photo professionnel pour prendre et partager des images ou des vid\u00e9os haute r\u00e9solution, sans r\u00e9v\u00e9ler votre position.<\/p>\n<p><strong>Une vision claire de la mission<\/strong><br \/>\nVisualisez et analysez les cartes, les renseignements et les donn\u00e9es de mission avec plus de d\u00e9tails que jamais gr\u00e2ce \u00e0 l&rsquo;\u00e9cran Dynamic AMOLED de 120 Hz.<\/p>\n<p><strong>\u00a0<\/strong>[\/vc_column_text][\/vc_column][\/vc_row][\/vc_section][vc_section full_width=\u00a0\u00bbstretch_row\u00a0\u00bb el_class=\u00a0\u00bbsection-icones\u00a0\u00bb][vc_row][vc_column width=\u00a0\u00bb1\/2&Prime;][vc_single_image image=\u00a0\u00bb455&Prime; img_size=\u00a0\u00bbfull\u00a0\u00bb][vc_column_text]\n<h2>INTEROP\u00c9RABLE<\/h2>\n<p>Se connecte facilement aux radios tactiques et aux syst\u00e8mes de mission, pr\u00eats \u00e0 l&#8217;emploi, pour des communications permanentes dans des environnements aust\u00e8res.[\/vc_column_text][\/vc_column][vc_column width=\u00a0\u00bb1\/2&Prime;][vc_single_image image=\u00a0\u00bb457&Prime; img_size=\u00a0\u00bbfull\u00a0\u00bb][vc_column_text]\n<h2>COMMANDEMENT ET CONTR\u00d4LE<\/h2>\n<p>Servez et consommez des donn\u00e9es en temps r\u00e9el compl\u00e8tes et pr\u00e9cises l\u00e0 o\u00f9 vous en avez le plus besoin gr\u00e2ce \u00e0 un dispositif utilisateur final (EUD) puissant et compact qui am\u00e9liore la pr\u00e9cision et l&rsquo;efficacit\u00e9.[\/vc_column_text][\/vc_column][\/vc_row][vc_row][vc_column width=\u00a0\u00bb1\/2&Prime;][vc_single_image image=\u00a0\u00bb455&Prime; img_size=\u00a0\u00bbfull\u00a0\u00bb][vc_column_text]\n<h2>POLYVALENT<\/h2>\n<p>Ex\u00e9cutez des applications de mission sur le terrain et des applications d&rsquo;entreprise partout.[\/vc_column_text][\/vc_column][vc_column width=\u00a0\u00bb1\/2&Prime;][vc_single_image image=\u00a0\u00bb457&Prime; img_size=\u00a0\u00bbfull\u00a0\u00bb][vc_column_text]\n<h2>TEST\u00c9 ET \u00c9PROUV\u00c9<\/h2>\n<p>Faites confiance au seul smartphone militaire COTS prot\u00e9g\u00e9 par Knox, certifi\u00e9 pour une utilisation dans le cadre d&rsquo;op\u00e9rations classifi\u00e9es et dont les forces sp\u00e9ciales ont prouv\u00e9 qu&rsquo;il \u00e9tait pr\u00eat \u00e0 fonctionner.[\/vc_column_text][\/vc_column][\/vc_row][\/vc_section][vc_section el_class=\u00a0\u00bbsection-3-col\u00a0\u00bb][vc_row equal_height=\u00a0\u00bbyes\u00a0\u00bb][vc_column width=\u00a0\u00bb1\/2&Prime;][vc_single_image image=\u00a0\u00bb470&Prime; img_size=\u00a0\u00bbfull\u00a0\u00bb][vc_column_text]<strong>Interface radio logicielle<\/strong><\/p>\n<p>L&rsquo;interface radio logicielle a la capacit\u00e9 de consommer des donn\u00e9es provenant d&rsquo;un r\u00e9cepteur SDR tiers tel que Flight Aware ou d&rsquo;autres radios tierces sp\u00e9cifiques \u00e0 la gamme de fr\u00e9quences.[\/vc_column_text][\/vc_column][vc_column width=\u00a0\u00bb1\/2&Prime;][vc_single_image image=\u00a0\u00bb464&Prime; img_size=\u00a0\u00bbfull\u00a0\u00bb][vc_column_text]<strong>Domination cognitive<\/strong><\/p>\n<p>Capable d&rsquo;ex\u00e9cuter des applications de mission sur le terrain et des applications d&rsquo;entreprise partout ailleurs, le puissant et efficace processeur octa-core 64 bits offre une puissance de calcul tactique partout o\u00f9 la mission vous emm\u00e8ne.[\/vc_column_text][\/vc_column][\/vc_row][vc_row equal_height=\u00a0\u00bbyes\u00a0\u00bb][vc_column width=\u00a0\u00bb1\/2&Prime;][vc_single_image image=\u00a0\u00bb468&Prime; img_size=\u00a0\u00bbfull\u00a0\u00bb][vc_column_text]<strong>Aucun ordinateur portable requis<\/strong><\/p>\n<p>Avec Samsung DeX, connectez votre Samsung Tactical Edition \u00e0 un moniteur, un clavier et une souris3 pour une exp\u00e9rience de type bureau id\u00e9alement adapt\u00e9e \u00e0 la planification de missions, \u00e0 la formation et \u00e0 l&rsquo;utilisation quotidienne.[\/vc_column_text][\/vc_column][vc_column width=\u00a0\u00bb1\/2&Prime;][vc_single_image image=\u00a0\u00bb466&Prime; img_size=\u00a0\u00bbfull\u00a0\u00bb][vc_column_text]<strong>Chargement rapide et durable<\/strong><\/p>\n<p>La batterie rempla\u00e7able du Galaxy XCover6 Pro Tactical Edition vous permet de rester concentr\u00e9 sur votre t\u00e2che. La batterie intelligente du Galaxy S23 Tactical Edition optimise l&rsquo;utilisation des applications sur le terrain et vous offre une puissance accrue pour mener \u00e0 bien votre mission.[\/vc_column_text][\/vc_column][\/vc_row][\/vc_section]\n<\/div>","protected":false},"excerpt":{"rendered":"<p>[vc_row][vc_column][vc_column_text el_class=\u00a0\u00bbleft-verti-text\u00a0\u00bb]solutions tactiques de nouvelle g\u00e9n\u00e9ration[\/vc_column_text][\/vc_column][\/vc_row][vc_section el_class=\u00a0\u00bbsection-header\u00a0\u00bb][vc_row el_class=\u00a0\u00bbsection-titre\u00a0\u00bb][vc_column][vc_column_text] Samsung Galaxy \u00e9dition tactique pour consommateurs[\/vc_column_text][vc_column_text]Inter-Op est un revendeur certifi\u00e9 des S23 et XCover6 Pro Edition Tactique afin de proposer un smartphone militaire pr\u00eat \u00e0 l&#8217;emploi, con\u00e7u et \u00e9prouv\u00e9 par des op\u00e9rateurs d&rsquo;op\u00e9rations sp\u00e9ciales. Fournisseur officiel du projet de syst\u00e8me int\u00e9gr\u00e9 du soldat (ISSP) de l&rsquo;arm\u00e9e canadienne pour le dispositif de l&rsquo;utilisateur &#8230;<\/p>\n","protected":false},"author":1,"featured_media":0,"parent":0,"menu_order":0,"comment_status":"closed","ping_status":"closed","template":"template-blank-1.php","meta":{"_monsterinsights_skip_tracking":false,"_monsterinsights_sitenote_active":false,"_monsterinsights_sitenote_note":"","_monsterinsights_sitenote_category":0,"footnotes":""},"class_list":["post-237","page","type-page","status-publish","hentry","no-post-thumbnail"],"_links":{"self":[{"href":"https:\/\/inter-op.ca\/fr\/wp-json\/wp\/v2\/pages\/237","targetHints":{"allow":["GET"]}}],"collection":[{"href":"https:\/\/inter-op.ca\/fr\/wp-json\/wp\/v2\/pages"}],"about":[{"href":"https:\/\/inter-op.ca\/fr\/wp-json\/wp\/v2\/types\/page"}],"author":[{"embeddable":true,"href":"https:\/\/inter-op.ca\/fr\/wp-json\/wp\/v2\/users\/1"}],"replies":[{"embeddable":true,"href":"https:\/\/inter-op.ca\/fr\/wp-json\/wp\/v2\/comments?post=237"}],"version-history":[{"count":0,"href":"https:\/\/inter-op.ca\/fr\/wp-json\/wp\/v2\/pages\/237\/revisions"}],"wp:attachment":[{"href":"https:\/\/inter-op.ca\/fr\/wp-json\/wp\/v2\/media?parent=237"}],"curies":[{"name":"wp","href":"https:\/\/api.w.org\/{rel}","templated":true}]}}