{"id":232,"date":"2021-07-22T13:41:08","date_gmt":"2021-07-22T17:41:08","guid":{"rendered":"https:\/\/inter-op.ca\/?page_id=232"},"modified":"2024-05-01T14:55:17","modified_gmt":"2024-05-01T18:55:17","slug":"trellisware","status":"publish","type":"page","link":"https:\/\/inter-op.ca\/fr\/trellisware\/","title":{"rendered":"Trellisware"},"content":{"rendered":"<div class=\"wpb-content-wrapper\">[vc_section full_width=\u00a0\u00bbstretch_row\u00a0\u00bb el_class=\u00a0\u00bbsection-header\u00a0\u00bb][vc_row el_class=\u00a0\u00bbsection-titre\u00a0\u00bb][vc_column][vc_column_text]\n<h3>DISTRIBUTEUR ET REPR\u00c9SENTANTS DES RADIOS TRELLISWARE\u00ae AU CANADA<\/h3>\n[\/vc_column_text][vc_column_text]\n<h1>technologies<br \/>\ntrellisware<\/h1>\n[\/vc_column_text][vc_column_text]Capacit\u00e9s et produits con\u00e7us par des experts pour l&rsquo;\u00e9volutivit\u00e9 du r\u00e9seau, la mobilit\u00e9 extr\u00eame et les environnements RF difficiles. Les modules TWC-950 TSM Shadow, TWC-875 TSM Ghost Relay, TWC-860 TSM Spirit et TWC-870 TSM Ghost sont d\u00e9sormais certifi\u00e9s par Industrie Canada et la FCC pour une utilisation commerciale.[\/vc_column_text][vc_column_text el_class=\u00a0\u00bbcustom-btn-2&Prime;]<a href=\"#\">quand rien d&rsquo;autre ne fonctionne<\/a>[\/vc_column_text][\/vc_column][\/vc_row][\/vc_section][vc_section full_width=\u00a0\u00bbstretch_row\u00a0\u00bb el_class=\u00a0\u00bbsection-1&Prime;][vc_row][vc_column][vc_raw_html]JTNDdmlkZW8lMjBhdXRvcGxheSUyMGxvb3AlMjBtdXRlZCUyMHBsYXlzaW5saW5lJTIwY2xhc3MlM0QlMjJkZXNrdG9wLXZpZGVvJTIyJTNFJTBBJTA5JTNDc291cmNlJTIwZGF0YS1zcmMlM0QlMjIlMkZ3cC1jb250ZW50JTJGdXBsb2FkcyUyRnZpZGVvJTJGdHJlbGxpcy13ZWIubXA0JTIyJTIwdHlwZSUzRCUyMnZpZGVvJTJGbXA0JTIyJTIwc3JjJTNEJTIyJTJGd3AtY29udGVudCUyRnVwbG9hZHMlMkZ2aWRlbyUyRnRyZWxsaXMtd2ViLm1wNCUyMiUzRSUwQSUzQyUyRnZpZGVvJTNF[\/vc_raw_html][\/vc_column][\/vc_row][vc_row][vc_column][vc_column_text]\n<h2><a href=\"https:\/\/www.trellisware.com\/trellisware-radios\" target=\"_blank\" rel=\"noopener\">RADIOS TACTIQUES<\/a><\/h2>\n[\/vc_column_text][\/vc_column][\/vc_row][vc_row][vc_column width=\u00a0\u00bb8\/12&Prime;][vc_column_text]Les radios d\u00e9finies par logiciel TrellisWare\u00ae fonctionnent \u00e0 l&rsquo;aide de la forme d&rsquo;onde robuste de TSM, et au c\u0153ur de la forme d&rsquo;onde se trouve la technologie brevet\u00e9e Barrage Relay\u2122 qui surpasse les autres syst\u00e8mes MANET dans des environnements tactiques r\u00e9els. Les radios TrellisWare sont sp\u00e9cialement con\u00e7ues avec un traitement de signal num\u00e9rique avanc\u00e9 et capables d&rsquo;\u00e9voluer pour r\u00e9pondre aux exigences de mission en constante \u00e9volution, plut\u00f4t que de tirer parti du Wi-Fi ou du LTE de qualit\u00e9 grand public emprunt\u00e9. Avec certains des plus petits facteurs de forme et une vari\u00e9t\u00e9 de configurations disponibles, les radios TrellisWare permettent au mieux la r\u00e9ussite de la mission.<\/p>\n<p>Toutes les radios sont interop\u00e9rables les unes avec les autres et offrent la m\u00eame excellence en mati\u00e8re de couverture r\u00e9seau, de services de communication, de s\u00e9curit\u00e9 et de prise en charge des applications.[\/vc_column_text][\/vc_column][vc_column width=\u00a0\u00bb4\/12&Prime;][vc_column_text]\n<h3>Radios<\/h3>\n<p><a href=\"\/wp-content\/uploads\/2021\/08\/TWC-135-TSM-Shadow-HPR-Datasheet.pdf\" target=\"_blank\" rel=\"noopener\">TWC-135 TSM Shadow\u2122 HPR<\/a><br \/>\n<a href=\"\/wp-content\/uploads\/2021\/08\/TWC-950-900-TSM-Shadow-Datasheet.pdf\" target=\"_blank\" rel=\"noopener\">TWC-950\/900 TSM Shadow\u2122<\/a><br \/>\n<a href=\"\/wp-content\/uploads\/2021\/08\/TWC-875-TSM-Ghost-Datasheet.pdf\" target=\"_blank\" rel=\"noopener\">TWC-875 TSM Ghost\u2122<\/a><br \/>\n<a href=\"https:\/\/inter-op.ca\/wp-content\/uploads\/2024\/05\/TW-860-TSM-SPIRIT-RADIO.pdf\" target=\"_blank\" rel=\"noopener\">TWC-860 TSM Spirit\u2122<\/a><\/p>\n<h3>Modules<\/h3>\n<p><a href=\"https:\/\/inter-op.ca\/wp-content\/uploads\/2024\/05\/TWC-880.pdf\">TW-880 TSM Ghost\u2122<\/a><br \/>\n<a href=\"\/wp-content\/uploads\/2021\/08\/TWC-650-TSM-Shadow-Core-Board-Datasheet.pdf\" target=\"_blank\" rel=\"noopener\">TWC-650 TSM Shadow\u2122<\/a><br \/>\n<a href=\"\/wp-content\/uploads\/2021\/08\/TWC-870-TSM-Ghost-Datasheet.pdf\" target=\"_blank\" rel=\"noopener\">TWC-870 TSM Ghost\u2122<\/a><\/p>\n<h3>Waveforms<\/h3>\n<p><a href=\"https:\/\/www.trellisware.com\/waveforms\/tsm-waveform\/\" target=\"_blank\" rel=\"noopener\">TSM<sup>\u00ae<\/sup><\/a><br \/>\n<a href=\"https:\/\/www.trellisware.com\/waveforms\/\">TSM-X\u2122<\/a><br \/>\n<a href=\"https:\/\/www.trellisware.com\/waveforms\/\" target=\"_blank\" rel=\"noopener\">WREN-NB<\/a><br \/>\n<a href=\"https:\/\/www.trellisware.com\/waveforms\/\" target=\"_blank\" rel=\"noopener\">KATANA\u2122<\/a>[\/vc_column_text][\/vc_column][\/vc_row][vc_row el_class=\u00a0\u00bbsection-3-photos\u00a0\u00bb][vc_column width=\u00a0\u00bb1\/3&Prime;][vc_single_image image=\u00a0\u00bb112&Prime; img_size=\u00a0\u00bbfull\u00a0\u00bb alignment=\u00a0\u00bbcenter\u00a0\u00bb][\/vc_column][vc_column width=\u00a0\u00bb1\/3&Prime;][vc_single_image image=\u00a0\u00bb111&Prime; img_size=\u00a0\u00bbfull\u00a0\u00bb alignment=\u00a0\u00bbcenter\u00a0\u00bb][\/vc_column][vc_column width=\u00a0\u00bb1\/3&Prime;][vc_single_image image=\u00a0\u00bb113&Prime; img_size=\u00a0\u00bbfull\u00a0\u00bb alignment=\u00a0\u00bbcenter\u00a0\u00bb][\/vc_column][\/vc_row][\/vc_section][vc_section el_class=\u00a0\u00bbsection-bottom\u00a0\u00bb][vc_row][vc_column][vc_column_text]\n<h2>CON\u00c7U POUR LES OP\u00c9RATIONS TACTIQUES<\/h2>\n[\/vc_column_text][vc_column_text]Les radios de faible taille, poids et puissance (SWaP) de TrellisWare prennent en charge les communications en mouvement sans avoir \u00e0 changer manuellement les bandes et modules RF, ou les antennes. Le r\u00e9seau de relais de barrage permet une couverture de fr\u00e9quence continue et flexible, et les radios TSM fournissent sans effort un r\u00e9seau IP transparent adaptable \u00e0 tout environnement RF difficile ou lorsque les param\u00e8tres critiques changent.<\/p>\n<p><strong>TrellisWare<\/strong> fabrique des radios solides et durables de l&rsquo;int\u00e9rieur vers l&rsquo;ext\u00e9rieur. Non seulement ils abritent la forme d&rsquo;onde la plus performante, mais ils sont \u00e9galement valid\u00e9s par le produit pour se conformer aux normes militaires am\u00e9ricaines actuelles (MIL-STD-810G). Des \u00e9tapes de conception au terrain, les radios tactiques de TrellisWare se concentrent sur la connectivit\u00e9, la survie et la robustesse qui facilitent le travail.[\/vc_column_text][vc_column_text]\n<h2>TSM\u2122 WAVEFORM<\/h2>\n<h3>Forme d&rsquo;onde record du projet de syst\u00e8me int\u00e9gr\u00e9 du soldat (ISSP) de l&rsquo;arm\u00e9e canadienne<\/h3>\n[\/vc_column_text][vc_column_text]La forme d&rsquo;onde TSM de TrellisWare prend en charge des bandes passantes flexibles tout en optimisant le flux d&rsquo;informations sur le r\u00e9seau. Tous les n\u0153uds d&rsquo;un r\u00e9seau re\u00e7oivent et retransmettent en collaboration le trafic r\u00e9seau multi-sauts, maintenant la surcharge et maximisant un d\u00e9bit fiable. La forme d&rsquo;onde TSM prend en charge simultan\u00e9ment la voix, les donn\u00e9es, la vid\u00e9o et les informations de localisation (PLI). L&rsquo;approche de non-routage de TSM garantit des performances et une \u00e9volutivit\u00e9 de r\u00e9seau robustes, en particulier dans les environnements RF difficiles.[\/vc_column_text][vc_column_text]La forme d&rsquo;onde TrellisWare\u00ae TSM\u00ae (version actuelle TSM 6.2.1) facilite la transmission s\u00e9curis\u00e9e de la voix, de la vid\u00e9o HD multicast, des donn\u00e9es et de la PLI dans les conditions les plus difficiles. TSM est rendu possible par la technologie brevet\u00e9e de TrellisWare, connue sous le nom de Barrage Relay\u2122, qui \u00e9limine le routage, offre une \u00e9volutivit\u00e9 in\u00e9gal\u00e9e et utilise moins de spectre que toute autre technologie de r\u00e9seau mobile ad hoc (MANET).<\/p>\n<p>En tant que produit logiciel de forme d&rsquo;onde MANET largement adopt\u00e9, TSM est la norme d&rsquo;interop\u00e9rabilit\u00e9 et pr\u00e9sente les capacit\u00e9s suivantes :<\/p>\n<ul>\n<li>Forme d&rsquo;onde MANET \u00e0 large bande moderne, r\u00e9siliente et tactique &#8211; s&rsquo;adapte automatiquement aux coupures de liaison et aux changements rapides de la topologie du r\u00e9seau multi-sauts caus\u00e9s par le fonctionnement en mouvement dans les environnements urbains et autres environnements \u00e0 trajets multiples s\u00e9v\u00e8res.<\/li>\n<li>Services : voix, donn\u00e9es bas\u00e9es sur Ethernet, vid\u00e9o HD unicast et multicast, et informations de localisation de position (PLI).<\/li>\n<li>Prend en charge plus de 800 n\u0153uds dans un seul canal, ce qui permet de cr\u00e9er un r\u00e9seau plat exceptionnellement robuste, facile \u00e0 utiliser et \u00e0 d\u00e9ployer.<\/li>\n<li>Forme d&rsquo;onde de r\u00e9seau du programme d&rsquo;enregistrement (PoR) pour l&rsquo;USSOCOM, l&rsquo;arm\u00e9e am\u00e9ricaine, le corps des marines am\u00e9ricains et les partenaires de la coalition.<\/li>\n<li>Hautement efficace, il utilise au mieux les fr\u00e9quences limit\u00e9es.<\/li>\n<li>Disponible avec diff\u00e9rents niveaux de cryptage.<\/li>\n<\/ul>\n<p>La technologie TSM permet d&rsquo;am\u00e9liorer le d\u00e9bit du r\u00e9seau, la largeur de bande flexible, l&rsquo;adaptabilit\u00e9 et la portabilit\u00e9 de la forme d&rsquo;onde. Il est \u00e9galement disponible dans des SDR \u00e0 faible SWaP et peut \u00eatre int\u00e9gr\u00e9 dans des plates-formes allant des micro-syst\u00e8mes a\u00e9riens commerciaux sans pilote aux radios tactiques. L&rsquo;\u00e9cosyst\u00e8me Trellis\/\/Sphere\u00ae offre un r\u00e9seau puissant, permettant l&rsquo;interop\u00e9rabilit\u00e9 entre les plateformes, les capteurs et les syst\u00e8mes des partenaires.<\/p>\n<p>La forme d&rsquo;onde TSM-X\u2122 poss\u00e8de toutes les capacit\u00e9s de TSM, avec des fonctionnalit\u00e9s logicielles suppl\u00e9mentaires pour prendre en charge les architectures de s\u00e9curit\u00e9 certifi\u00e9es par la NSA (Type-1).[\/vc_column_text][\/vc_column][\/vc_row][vc_row el_class=\u00a0\u00bbsection-spectrum\u00a0\u00bb][vc_column][vc_single_image image=\u00a0\u00bb313&Prime; img_size=\u00a0\u00bbfull\u00a0\u00bb alignment=\u00a0\u00bbcenter\u00a0\u00bb][vc_btn title=\u00a0\u00bbVISITEZ TRELLISWARE POUR PLUS DE D\u00c9TAILS\u00a0\u00bb style=\u00a0\u00bbflat\u00a0\u00bb shape=\u00a0\u00bbsquare\u00a0\u00bb align=\u00a0\u00bbcenter\u00a0\u00bb link=\u00a0\u00bburl:https%3A%2F%2Fwww.trellisware.com%2Fwaveforms%2Ftsm-waveform%2F|target:_blank\u00a0\u00bb el_class=\u00a0\u00bbcustom-btn\u00a0\u00bb][\/vc_column][\/vc_row][\/vc_section][vc_section full_width=\u00a0\u00bbstretch_row\u00a0\u00bb el_class=\u00a0\u00bbsection-cta-banner\u00a0\u00bb][vc_row][vc_column][vc_column_text]\n<h2 style=\"text-align: center;\">CONTACTEZ-NOUS \u00c0 TOUT MOMENT POUR<br \/>\nNOTRE LISTE DE PRIX PUBLI\u00c9E \u00c0 L&rsquo;INTERNATIONAL.<\/h2>\n[\/vc_column_text][vc_btn title=\u00a0\u00bbEn savoir plus\u00a0\u00bb style=\u00a0\u00bbflat\u00a0\u00bb shape=\u00a0\u00bbsquare\u00a0\u00bb align=\u00a0\u00bbcenter\u00a0\u00bb link=\u00a0\u00bburl:%2Ffr%2Fcontact%2F\u00a0\u00bb el_class=\u00a0\u00bbcustom-btn\u00a0\u00bb][\/vc_column][\/vc_row][\/vc_section]\n<\/div>","protected":false},"excerpt":{"rendered":"<p>[vc_section full_width=\u00a0\u00bbstretch_row\u00a0\u00bb el_class=\u00a0\u00bbsection-header\u00a0\u00bb][vc_row el_class=\u00a0\u00bbsection-titre\u00a0\u00bb][vc_column][vc_column_text] DISTRIBUTEUR ET REPR\u00c9SENTANTS DES RADIOS TRELLISWARE\u00ae AU CANADA [\/vc_column_text][vc_column_text] technologies trellisware [\/vc_column_text][vc_column_text]Capacit\u00e9s et produits con\u00e7us par des experts pour l&rsquo;\u00e9volutivit\u00e9 du r\u00e9seau, la mobilit\u00e9 extr\u00eame et les environnements RF difficiles. Les modules TWC-950 TSM Shadow, TWC-875 TSM Ghost Relay, TWC-860 TSM Spirit et TWC-870 TSM Ghost sont d\u00e9sormais certifi\u00e9s par Industrie Canada et la FCC pour &#8230;<\/p>\n","protected":false},"author":1,"featured_media":0,"parent":0,"menu_order":0,"comment_status":"closed","ping_status":"closed","template":"template-blank-1.php","meta":{"_monsterinsights_skip_tracking":false,"_monsterinsights_sitenote_active":false,"_monsterinsights_sitenote_note":"","_monsterinsights_sitenote_category":0,"footnotes":""},"class_list":["post-232","page","type-page","status-publish","hentry","no-post-thumbnail"],"_links":{"self":[{"href":"https:\/\/inter-op.ca\/fr\/wp-json\/wp\/v2\/pages\/232","targetHints":{"allow":["GET"]}}],"collection":[{"href":"https:\/\/inter-op.ca\/fr\/wp-json\/wp\/v2\/pages"}],"about":[{"href":"https:\/\/inter-op.ca\/fr\/wp-json\/wp\/v2\/types\/page"}],"author":[{"embeddable":true,"href":"https:\/\/inter-op.ca\/fr\/wp-json\/wp\/v2\/users\/1"}],"replies":[{"embeddable":true,"href":"https:\/\/inter-op.ca\/fr\/wp-json\/wp\/v2\/comments?post=232"}],"version-history":[{"count":0,"href":"https:\/\/inter-op.ca\/fr\/wp-json\/wp\/v2\/pages\/232\/revisions"}],"wp:attachment":[{"href":"https:\/\/inter-op.ca\/fr\/wp-json\/wp\/v2\/media?parent=232"}],"curies":[{"name":"wp","href":"https:\/\/api.w.org\/{rel}","templated":true}]}}