{"id":220,"date":"2021-07-22T13:38:43","date_gmt":"2021-07-22T17:38:43","guid":{"rendered":"https:\/\/inter-op.ca\/?page_id=220"},"modified":"2021-08-17T14:52:33","modified_gmt":"2021-08-17T18:52:33","slug":"a-propos","status":"publish","type":"page","link":"https:\/\/inter-op.ca\/fr\/a-propos\/","title":{"rendered":"\u00c0 propos"},"content":{"rendered":"<div class=\"wpb-content-wrapper\">[vc_row][vc_column][vc_column_text el_class=\u00a0\u00bbleft-verti-text\u00a0\u00bb]solutions tactiques next-gen[\/vc_column_text][\/vc_column][\/vc_row][vc_section full_width=\u00a0\u00bbstretch_row\u00a0\u00bb el_class=\u00a0\u00bbsection-header\u00a0\u00bb][vc_row][vc_column][vc_column_text]\n<h5 style=\"text-align: center;\">INTER-OP HOLDING GROUP<\/h5>\n[\/vc_column_text][vc_column_text]\n<h1 style=\"text-align: center;\">10 ans de succ\u00e8s<\/h1>\n[\/vc_column_text][vc_column_text]\n<p style=\"text-align: center;\">Fond\u00e9e en 2009, INTER-OP propose des solutions et des services essentiels \u00e0 la mission avanc\u00e9s aux gouvernements, aux agences de d\u00e9fense, de s\u00fbret\u00e9 et de s\u00e9curit\u00e9. Leadership \u00e9tabli et exp\u00e9rience dans les syst\u00e8mes de communication tactiques et critiques. En collaboration avec nos principaux partenaires, Inter-Op offre ses solutions et services au Canada et \u00e0 l&rsquo;\u00e9tranger.<\/p>\n<p style=\"text-align: center;\">D\u00e9velopper notre activit\u00e9 dans de nouveaux domaines au sein de la cybers\u00e9curit\u00e9 et de la sant\u00e9 num\u00e9rique, couvrant de nouveaux segments de march\u00e9 tels que l&rsquo;\u00e9nergie, les transports et la sant\u00e9.<\/p>\n[\/vc_column_text][vc_column_text]\n<p style=\"text-align: center;\"><strong>Inter-Op Canada, Inc. est fier d&rsquo;\u00eatre en conformit\u00e9 avec la norme de qualit\u00e9 ISO 9001\u00a0: 2015.<\/strong><\/p>\n[\/vc_column_text][vc_single_image image=\u00a0\u00bb336&Prime; img_size=\u00a0\u00bbfull\u00a0\u00bb alignment=\u00a0\u00bbcenter\u00a0\u00bb onclick=\u00a0\u00bbcustom_link\u00a0\u00bb img_link_target=\u00a0\u00bb_blank\u00a0\u00bb link=\u00a0\u00bb\/wp-content\/uploads\/2021\/08\/Certificate-Inter-Op-Canada-Inc.-ISO-9001-2015-Montreal-Issued2021.pdf\u00a0\u00bb][\/vc_column][\/vc_row][\/vc_section][vc_section full_width=\u00a0\u00bbstretch_row_content\u00a0\u00bb el_class=\u00a0\u00bbsection-logo-anim\u00a0\u00bb][vc_row full_width=\u00a0\u00bbstretch_row_content_no_spaces\u00a0\u00bb el_class=\u00a0\u00bbdark-section\u00a0\u00bb][vc_column][vc_raw_html]JTNDdmlkZW8lMjBjbGFzcyUzRCUyMmRlc2t0b3AlMjIlMjBwbGF5c2lubGluZSUyMG11dGVkJTIwbG9vcCUyMHBvc3RlciUzRCUyMiUyMiUzRSUwQSUyMCUyMCUyMCUyMCUzQ3NvdXJjZSUyMHNyYyUzRCUyMiUyRndwLWNvbnRlbnQlMkZ1cGxvYWRzJTJGMjAyMSUyRjA3JTJGbG9nby1hbmltLWRlc2t0b3AubXA0JTIyJTIwaWQlM0QlMjJzYW1wbGUlMjIlMjB0eXBlJTNEJTIydmlkZW8lMkZtcDQlMjIlM0UlMEElMjAlMjAlM0MlMkZ2aWRlbyUzRSUwQSUzQ3ZpZGVvJTIwY2xhc3MlM0QlMjJtb2JpbGUlMjIlMjBwbGF5c2lubGluZSUyMG11dGVkJTIwbG9vcCUyMHBvc3RlciUzRCUyMiUyMiUzRSUwQSUyMCUyMCUyMCUyMCUzQ3NvdXJjZSUyMHNyYyUzRCUyMiUyRndwLWNvbnRlbnQlMkZ1cGxvYWRzJTJGMjAyMSUyRjA3JTJGbG9nby1hbmltLW1vYmlsZS5tcDQlMjIlMjBpZCUzRCUyMnNhbXBsZSUyMiUyMHR5cGUlM0QlMjJ2aWRlbyUyRm1wNCUyMiUzRSUwQSUyMCUyMCUzQyUyRnZpZGVvJTNF[\/vc_raw_html][\/vc_column][\/vc_row][\/vc_section][vc_section full_width=\u00a0\u00bbstretch_row\u00a0\u00bb el_class=\u00a0\u00bbsection-global\u00a0\u00bb][vc_row][vc_column][vc_column_text]\n<h5 style=\"text-align: center;\">connecteurs globaux<\/h5>\n[\/vc_column_text][vc_column_text]\n<h1 style=\"text-align: center;\">Adaptation. Innovation.<br \/>\nFocus. Entra\u00eenement.<\/h1>\n[\/vc_column_text][vc_column_text]\n<h4 style=\"text-align: center;\">Rendre l&rsquo;impossible possible.<\/h4>\n[\/vc_column_text][vc_raw_html]JTNDZGl2JTIwY2xhc3MlM0QlMjJjYXJyZSUyMiUzRSUzQyUyRmRpdiUzRSUzQ2RpdiUyMGNsYXNzJTNEJTIybGlnbmUlMjIlM0UlM0MlMkZkaXYlM0U=[\/vc_raw_html][\/vc_column][\/vc_row][vc_row equal_height=\u00a0\u00bbyes\u00a0\u00bb el_class=\u00a0\u00bbrangee\u00a0\u00bb][vc_column width=\u00a0\u00bb1\/2&Prime;][vc_column_text]\n<h5>Strat\u00e9gique &#8211; Op\u00e9rationnel &#8211; Tactique<\/h5>\n[\/vc_column_text][vc_column_text]\n<h2>CONSEIL PRATIQUE SUR MESURE<\/h2>\n[\/vc_column_text][vc_column_text]Le vrai conseil n&rsquo;est pas \u00ab\u00a0tout en paroles\u00a0\u00bb, l&rsquo;ex\u00e9cution et les actions sont un must.<\/p>\n<p>Des petites aux grandes entreprises et une myriade de minist\u00e8res, aucune entreprise commerciale n&rsquo;est prise \u00e0 la l\u00e9g\u00e8re.<\/p>\n<p>Inter-Op est fier de fournir un leadership exp\u00e9riment\u00e9 et une motivation concurrentielle pour faire avancer les priorit\u00e9s strat\u00e9giques conform\u00e9ment \u00e0 la gestion interne et aux exigences complexes des utilisateurs finaux.[\/vc_column_text][\/vc_column][vc_column width=\u00a0\u00bb1\/2&Prime;][vc_single_image image=\u00a0\u00bb222&Prime; img_size=\u00a0\u00bbfull\u00a0\u00bb alignment=\u00a0\u00bbcenter\u00a0\u00bb css_animation=\u00a0\u00bbfadeIn\u00a0\u00bb][\/vc_column][\/vc_row][vc_row full_width=\u00a0\u00bbstretch_row\u00a0\u00bb equal_height=\u00a0\u00bbyes\u00a0\u00bb el_class=\u00a0\u00bbrangee\u00a0\u00bb][vc_column width=\u00a0\u00bb1\/2&Prime; el_class=\u00a0\u00bbvc_col-sm-push-6&Prime;][vc_column_text]\n<h5>Transition vers les capacit\u00e9s de nouvelle g\u00e9n\u00e9ration<\/h5>\n[\/vc_column_text][vc_column_text]\n<h2>TECHNOLOGIE SP\u00c9CIFIQUE \u00c0 LA MISSION<\/h2>\n[\/vc_column_text][vc_column_text]Aucune solution \u00ab\u00a0taille unique\u00a0\u00bb ne fonctionne jamais bien.<\/p>\n<p>Inter-Op est fier de travailler avec des entreprises technologiques de pointe et des fournisseurs de suites de solutions.<\/p>\n<p>Prenant des applications du monde r\u00e9el des espaces industriels commerciaux et de d\u00e9fense, Inter-Op peut analyser et permettre \u00e0 toute organisation de passer en douceur aux capacit\u00e9s NextGen tout en g\u00e9rant les budgets par rapport aux exigences.[\/vc_column_text][\/vc_column][vc_column width=\u00a0\u00bb1\/2&Prime; el_class=\u00a0\u00bbvc_col-sm-pull-6&Prime;][vc_single_image image=\u00a0\u00bb223&Prime; img_size=\u00a0\u00bbfull\u00a0\u00bb alignment=\u00a0\u00bbcenter\u00a0\u00bb css_animation=\u00a0\u00bbfadeIn\u00a0\u00bb][\/vc_column][\/vc_row][vc_row equal_height=\u00a0\u00bbyes\u00a0\u00bb el_class=\u00a0\u00bbrangee\u00a0\u00bb][vc_column width=\u00a0\u00bb1\/2&Prime;][vc_column_text]\n<h5>Plus de 25 pays et plus de 120 soci\u00e9t\u00e9s partenaires de distribution GI\/IT<\/h5>\n[\/vc_column_text][vc_column_text]\n<h2>INNOVATION EXPORT TECH\u00a0&amp; DISTRIBUTION<\/h2>\n[\/vc_column_text][vc_column_text]Notre avantage concurrentiel est notre exp\u00e9rience.<\/p>\n<p>Les march\u00e9s \u00e9mergents et en d\u00e9veloppement de l&rsquo;\u00e9conomie mondiale d&rsquo;aujourd&rsquo;hui connaissent une croissance rapide alors que les \u00e9conomies occidentales locales d&rsquo;aujourd&rsquo;hui se battent pour maintenir des taux stables.<\/p>\n<p>Inter-Op fournit \u00e0 tout prospect les r\u00e9alit\u00e9s et la faisabilit\u00e9 d&rsquo;int\u00e9grer facilement et rapidement son offre de solutions sur le march\u00e9 mondial en guidant les d\u00e9cisions d&rsquo;investissement via les canaux commerciaux appropri\u00e9s pour r\u00e9aliser l&rsquo;entreprise commerciale de l&rsquo;organisation.[\/vc_column_text][\/vc_column][vc_column width=\u00a0\u00bb1\/2&Prime;][vc_single_image image=\u00a0\u00bb224&Prime; img_size=\u00a0\u00bbfull\u00a0\u00bb alignment=\u00a0\u00bbcenter\u00a0\u00bb css_animation=\u00a0\u00bbfadeIn\u00a0\u00bb][\/vc_column][\/vc_row][vc_row full_width=\u00a0\u00bbstretch_row\u00a0\u00bb equal_height=\u00a0\u00bbyes\u00a0\u00bb el_class=\u00a0\u00bbrangee\u00a0\u00bb][vc_column width=\u00a0\u00bb1\/2&Prime; el_class=\u00a0\u00bbvc_col-sm-push-6&Prime;][vc_column_text]\n<h5>Du Grand Nord canadien aux sables du Moyen-Orient<\/h5>\n[\/vc_column_text][vc_column_text]\n<h2>SOUTIEN \u00c0 LA FORMATION AVANC\u00c9E SUR LE TERRAIN<\/h2>\n[\/vc_column_text][vc_column_text]La r\u00e9alit\u00e9 des affaires de nos jours est sans limites.<\/p>\n<p>Inter-Op soutient largement les projets et programmes \u00e0 travers le monde \u00e0 l&rsquo;appui des entreprises nord-am\u00e9ricaines et des exigences de terrain du gouvernement.<\/p>\n<p>Aucun endroit n&rsquo;est trop \u00e9loign\u00e9 ou complexe, des centres de conf\u00e9rence confortables aux centres d&rsquo;op\u00e9rations sur le terrain aust\u00e8res.<\/p>\n<p>Nous sommes fiers de trouver des solutions cr\u00e9atives pour tous nos clients.[\/vc_column_text][\/vc_column][vc_column width=\u00a0\u00bb1\/2&Prime; el_class=\u00a0\u00bbvc_col-sm-pull-6&Prime;][vc_single_image image=\u00a0\u00bb225&Prime; img_size=\u00a0\u00bbfull\u00a0\u00bb alignment=\u00a0\u00bbcenter\u00a0\u00bb css_animation=\u00a0\u00bbfadeIn\u00a0\u00bb][\/vc_column][\/vc_row][\/vc_section][vc_row][vc_column][vc_raw_html]JTNDZGl2JTIwY2xhc3MlM0QlMjJjYXJyZS1maW4lMjIlM0UlM0MlMkZkaXYlM0U=[\/vc_raw_html][vc_btn title=\u00a0\u00bbContactez-nous\u00a0\u00bb style=\u00a0\u00bbflat\u00a0\u00bb shape=\u00a0\u00bbsquare\u00a0\u00bb align=\u00a0\u00bbcenter\u00a0\u00bb link=\u00a0\u00bburl:%2Ffr%2Fcontact%2F\u00a0\u00bb el_class=\u00a0\u00bbcustom-btn\u00a0\u00bb][\/vc_column][\/vc_row]\n<\/div>","protected":false},"excerpt":{"rendered":"<p>[vc_row][vc_column][vc_column_text el_class=\u00a0\u00bbleft-verti-text\u00a0\u00bb]solutions tactiques next-gen[\/vc_column_text][\/vc_column][\/vc_row][vc_section full_width=\u00a0\u00bbstretch_row\u00a0\u00bb el_class=\u00a0\u00bbsection-header\u00a0\u00bb][vc_row][vc_column][vc_column_text] INTER-OP HOLDING GROUP [\/vc_column_text][vc_column_text] 10 ans de succ\u00e8s [\/vc_column_text][vc_column_text] Fond\u00e9e en 2009, INTER-OP propose des solutions et des services essentiels \u00e0 la mission avanc\u00e9s aux gouvernements, aux agences de d\u00e9fense, de s\u00fbret\u00e9 et de s\u00e9curit\u00e9. Leadership \u00e9tabli et exp\u00e9rience dans les syst\u00e8mes de communication tactiques et critiques. En collaboration avec nos principaux partenaires, Inter-Op &#8230;<\/p>\n","protected":false},"author":1,"featured_media":0,"parent":0,"menu_order":0,"comment_status":"closed","ping_status":"closed","template":"template-blank-1.php","meta":{"_monsterinsights_skip_tracking":false,"_monsterinsights_sitenote_active":false,"_monsterinsights_sitenote_note":"","_monsterinsights_sitenote_category":0,"footnotes":""},"class_list":["post-220","page","type-page","status-publish","hentry","no-post-thumbnail"],"_links":{"self":[{"href":"https:\/\/inter-op.ca\/fr\/wp-json\/wp\/v2\/pages\/220","targetHints":{"allow":["GET"]}}],"collection":[{"href":"https:\/\/inter-op.ca\/fr\/wp-json\/wp\/v2\/pages"}],"about":[{"href":"https:\/\/inter-op.ca\/fr\/wp-json\/wp\/v2\/types\/page"}],"author":[{"embeddable":true,"href":"https:\/\/inter-op.ca\/fr\/wp-json\/wp\/v2\/users\/1"}],"replies":[{"embeddable":true,"href":"https:\/\/inter-op.ca\/fr\/wp-json\/wp\/v2\/comments?post=220"}],"version-history":[{"count":0,"href":"https:\/\/inter-op.ca\/fr\/wp-json\/wp\/v2\/pages\/220\/revisions"}],"wp:attachment":[{"href":"https:\/\/inter-op.ca\/fr\/wp-json\/wp\/v2\/media?parent=220"}],"curies":[{"name":"wp","href":"https:\/\/api.w.org\/{rel}","templated":true}]}}