{"id":206,"date":"2021-07-22T11:10:22","date_gmt":"2021-07-22T15:10:22","guid":{"rendered":"https:\/\/inter-op.ca\/?page_id=206"},"modified":"2024-04-25T11:02:21","modified_gmt":"2024-04-25T15:02:21","slug":"accueil","status":"publish","type":"page","link":"https:\/\/inter-op.ca\/fr\/","title":{"rendered":"Accueil"},"content":{"rendered":"<div class=\"wpb-content-wrapper\">[vc_row][vc_column][vc_column_text el_class=\u00a0\u00bbleft-verti-text\u00a0\u00bb]solutions tactiques next-gen[\/vc_column_text][\/vc_column][\/vc_row][vc_section full_width=\u00a0\u00bbstretch_row_content\u00a0\u00bb el_class=\u00a0\u00bbsection-header\u00a0\u00bb][vc_row el_class=\u00a0\u00bbvideo-section\u00a0\u00bb][vc_column][vc_raw_html]JTNDdmlkZW8lMjBpZCUzRCUyMnZpZGVvJTIyJTIwYXV0b3BsYXklMjBsb29wJTIwcGxheXNpbmxpbmUlMjBtdXRlZCUyMGNsYXNzJTNEJTIyZGVza3RvcC12aWRlbyUyMiUzRSUwQSUwOSUzQ3NvdXJjZSUyMGRhdGEtc3JjJTNEJTIyJTJGd3AtY29udGVudCUyRnVwbG9hZHMlMkZ2aWRlbyUyRmludGVyLW9wXzIwMjJfbG93cmVzLm1wNCUyMiUyMHR5cGUlM0QlMjJ2aWRlbyUyRm1wNCUyMiUyMHNyYyUzRCUyMiUyRndwLWNvbnRlbnQlMkZ1cGxvYWRzJTJGdmlkZW8lMkZpbnRlci1vcF8yMDIyX2xvd3Jlcy5tcDQlMjIlM0UlMEElM0MlMkZ2aWRlbyUzRQ==[\/vc_raw_html][\/vc_column][\/vc_row][vc_row el_class=\u00a0\u00bbsection-titre\u00a0\u00bb][vc_column][vc_column_text]\n<h1>SOLUTIONS ET SERVICES POUR VOS BESOINS CRITIQUES EN MISSION<\/h1>\n[\/vc_column_text][vc_column_text]Inter-op couvre des secteurs d&rsquo;activit\u00e9 forts et exigeants. nos solutions critiques exploitent l&rsquo;intersection et\/ou la confluence de plusieurs technologies telles que l&rsquo;IA, la cryptographie, l&rsquo;IOT et le LTE.[\/vc_column_text][vc_column_text el_class=\u00a0\u00bbcustom-btn-2&Prime;]<a href=\"\/fr\/a-propos\/\">En savoir plus sur inter-op<\/a>[\/vc_column_text][\/vc_column][\/vc_row][\/vc_section][vc_section full_width=\u00a0\u00bbstretch_row_content\u00a0\u00bb el_class=\u00a0\u00bbsection-solutions\u00a0\u00bb][vc_row][vc_column][vc_column_text]\n<h2 style=\"text-align: center;\">des solutions adapt\u00e9es \u00e0 tout<\/h2>\n[\/vc_column_text][vc_column_text]\n<h3 style=\"text-align: center;\">des solutions et services c5isr adapt\u00e9s \u00e0 toute mission, \u00e0 tout moment, n&rsquo;importe o\u00f9<\/h3>\n[\/vc_column_text][vc_row_inner el_class=\u00a0\u00bbsolutions-box\u00a0\u00bb][vc_column_inner width=\u00a0\u00bb1\/2&Prime;][vc_column_text el_class=\u00a0\u00bbleft-text\u00a0\u00bb]\n<p style=\"text-align: right;\">syst\u00e8mes de soldat de nouvelle g\u00e9n\u00e9ration<br \/>\ncommande et contrle mobiles (c2)<br \/>\ncommunications tactiques, ordinateurs et cyber (c3)<br \/>\nintelligence tactique, surveillance &amp; reconnaissance (isr)<\/p>\n[\/vc_column_text][\/vc_column_inner][vc_column_inner width=\u00a0\u00bb1\/2&Prime;][vc_column_text el_class=\u00a0\u00bbright-text\u00a0\u00bb]\n<p style=\"text-align: left;\">militaire \/ application de la loi \/ s\u00e9curit\u00e9 des fronti\u00e8res<br \/>\nop\u00e9rations de d\u00e9fense et d&rsquo;intervention d&rsquo;urgence<br \/>\nr\u00e9seaux voix et donn\u00e9es d\u00e9ployables rapides<br \/>\ncapacit\u00e9s de relais et de vid\u00e9o \u00e0 distance ouvert\/couvert<\/p>\n[\/vc_column_text][\/vc_column_inner][\/vc_row_inner][vc_single_image image=\u00a0\u00bb207&Prime; img_size=\u00a0\u00bbfull\u00a0\u00bb css_animation=\u00a0\u00bbfadeIn\u00a0\u00bb el_class=\u00a0\u00bbleft-pic\u00a0\u00bb][vc_single_image image=\u00a0\u00bb208&Prime; img_size=\u00a0\u00bbfull\u00a0\u00bb alignment=\u00a0\u00bbright\u00a0\u00bb css_animation=\u00a0\u00bbfadeIn\u00a0\u00bb el_class=\u00a0\u00bbright-pic dark-section\u00a0\u00bb][\/vc_column][\/vc_row][vc_row][vc_column][vc_btn title=\u00a0\u00bbEn savoir plus\u00a0\u00bb style=\u00a0\u00bbflat\u00a0\u00bb shape=\u00a0\u00bbsquare\u00a0\u00bb align=\u00a0\u00bbcenter\u00a0\u00bb link=\u00a0\u00bburl:%23&Prime; el_class=\u00a0\u00bbcustom-btn\u00a0\u00bb][\/vc_column][\/vc_row][\/vc_section][vc_section full_width=\u00a0\u00bbstretch_row\u00a0\u00bb el_class=\u00a0\u00bbsection-tailor\u00a0\u00bb][vc_row content_placement=\u00a0\u00bbmiddle\u00a0\u00bb][vc_column width=\u00a0\u00bb1\/2&Prime;][vc_column_text]\n<h5>connecteurs globaux<\/h5>\n[\/vc_column_text][vc_column_text]\n<h1>Adaptation.<br \/>\nInnovation.<br \/>\nFocus.<br \/>\nEntra\u00eenement.<\/h1>\n[\/vc_column_text][vc_column_text]\n<h4>Rendre l&rsquo;impossible <b>possible<\/b>.<\/h4>\n[\/vc_column_text][\/vc_column][vc_column width=\u00a0\u00bb1\/2&Prime;][vc_tta_accordion shape=\u00a0\u00bbsquare\u00a0\u00bb active_section=\u00a0\u00bb1&Prime; no_fill=\u00a0\u00bbtrue\u00a0\u00bb el_class=\u00a0\u00bbaccordeon\u00a0\u00bb][vc_tta_section title=\u00a0\u00bbCONSEILS PRATIQUE SUR MESURE\u00a0\u00bb tab_id=\u00a0\u00bbtailored\u00a0\u00bb][vc_column_text]\n<h5>Strat\u00e9gique &#8211; Op\u00e9rationnel &#8211; Tactique<\/h5>\n[\/vc_column_text][vc_column_text]Le vrai conseil n&rsquo;est pas \u00ab\u00a0tout en paroles\u00a0\u00bb, l&rsquo;ex\u00e9cution et les actions sont un must.<\/p>\n<p>Des petites aux grandes entreprises et une myriade de minist\u00e8res, aucune entreprise commerciale n&rsquo;est prise \u00e0 la l\u00e9g\u00e8re.<\/p>\n<p>Inter-Op est fier de fournir un leadership exp\u00e9riment\u00e9 et une motivation concurrentielle pour faire avancer les priorit\u00e9s strat\u00e9giques conform\u00e9ment \u00e0 la gestion interne et aux exigences complexes des utilisateurs finaux.[\/vc_column_text][\/vc_tta_section][vc_tta_section title=\u00a0\u00bbTECHNOLOGIE SP\u00c9CIFIQUE \u00c0 LA MISSION\u00a0\u00bb tab_id=\u00a0\u00bbmission\u00a0\u00bb][vc_column_text]\n<h5>Transition vers les capacit\u00e9s de nouvelle g\u00e9n\u00e9ration<\/h5>\n[\/vc_column_text][vc_column_text]Aucune solution \u00ab\u00a0taille unique\u00a0\u00bb ne fonctionne jamais bien.<\/p>\n<p>Inter-Op est fier de travailler avec des entreprises technologiques de pointe et des fournisseurs de suites de solutions.<\/p>\n<p>Prenant des applications du monde r\u00e9el des espaces industriels commerciaux et de d\u00e9fense, Inter-Op peut analyser et permettre \u00e0 toute organisation de passer en douceur aux capacit\u00e9s NextGen tout en g\u00e9rant les budgets par rapport aux besoins.[\/vc_column_text][\/vc_tta_section][vc_tta_section title=\u00a0\u00bbINNOVATION, EXPORT TECH &amp; DISTRIBUTION\u00a0\u00bb tab_id=\u00a0\u00bbinnovative\u00a0\u00bb][vc_column_text]\n<h5>Plus de 25 pays et plus de 120 soci\u00e9t\u00e9s partenaires de distribution GI\/IT<\/h5>\n[\/vc_column_text][vc_column_text]Notre avantage concurrentiel est notre exp\u00e9rience.<\/p>\n<p>Les march\u00e9s \u00e9mergents et en d\u00e9veloppement de l&rsquo;\u00e9conomie mondiale d&rsquo;aujourd&rsquo;hui connaissent une croissance rapide alors que les \u00e9conomies occidentales locales d&rsquo;aujourd&rsquo;hui se battent pour maintenir des taux stables.<\/p>\n<p>Inter-Op fournit \u00e0 tout prospect les r\u00e9alit\u00e9s et la faisabilit\u00e9 d&rsquo;int\u00e9grer facilement et rapidement son offre de solutions sur le march\u00e9 mondial en guidant les d\u00e9cisions d&rsquo;investissement via les canaux commerciaux appropri\u00e9s pour r\u00e9aliser l&rsquo;entreprise commerciale de l&rsquo;organisation.[\/vc_column_text][\/vc_tta_section][vc_tta_section title=\u00a0\u00bbSOUTIEN \u00c0 LA FORMATION AVANC\u00c9E SUR LE TERRAIN\u00a0\u00bb tab_id=\u00a0\u00bbsupport\u00a0\u00bb][vc_column_text]\n<h5>Du Grand nord canadien aux sables du Moyen-Orient<\/h5>\n[\/vc_column_text][vc_column_text]La r\u00e9alit\u00e9 des affaires de nos jours est sans limites.<\/p>\n<p>Inter-Op soutient largement les projets et programmes \u00e0 travers le monde \u00e0 l&rsquo;appui des entreprises nord-am\u00e9ricaines et des exigences de terrain du gouvernement.<\/p>\n<p>Aucun endroit n&rsquo;est trop \u00e9loign\u00e9 ou complexe, des centres de conf\u00e9rence confortables aux centres d&rsquo;op\u00e9rations sur le terrain aust\u00e8res.<\/p>\n<p>Nous sommes fiers de trouver des solutions cr\u00e9atives pour tous nos clients.[\/vc_column_text][\/vc_tta_section][\/vc_tta_accordion][\/vc_column][\/vc_row][\/vc_section][vc_section el_class=\u00a0\u00bbsection-trellisware\u00a0\u00bb][vc_row equal_height=\u00a0\u00bbyes\u00a0\u00bb content_placement=\u00a0\u00bbtop\u00a0\u00bb][vc_column width=\u00a0\u00bb1\/2&Prime;][vc_column_text]\n<h2>Technologies Trellisware<\/h2>\n[\/vc_column_text][vc_column_text]\n<h3>CAPACIT\u00c9S ET PRODUITS EXPERTEMENT CON\u00c7US POUR L&rsquo;\u00c9VOLUTIVIT\u00c9 DU R\u00c9SEAU, LA MOBILIT\u00c9 EXTR\u00caME ET UN ENVIRONNEMENT RF DIFFICILE<\/h3>\n[\/vc_column_text][vc_column_text]\n<ul>\n<li>Radios tactiques<\/li>\n<li>F-LDPC FEC, TSM<\/li>\n<li>Optique de l&rsquo;espace libre<\/li>\n<li>Annulation des interf\u00e9rences<\/li>\n<\/ul>\n[\/vc_column_text][vc_btn title=\u00a0\u00bbEn savoir plus\u00a0\u00bb style=\u00a0\u00bbflat\u00a0\u00bb shape=\u00a0\u00bbsquare\u00a0\u00bb align=\u00a0\u00bbleft\u00a0\u00bb link=\u00a0\u00bburl:%2Ffr%2Ftrellisware%2F|title:Trellisware\u00a0\u00bb el_class=\u00a0\u00bbcustom-btn\u00a0\u00bb][\/vc_column][vc_column width=\u00a0\u00bb1\/2&Prime;][vc_single_image image=\u00a0\u00bb209&Prime; img_size=\u00a0\u00bbfull\u00a0\u00bb alignment=\u00a0\u00bbright\u00a0\u00bb css_animation=\u00a0\u00bbfadeIn\u00a0\u00bb][\/vc_column][\/vc_row][\/vc_section][vc_section el_class=\u00a0\u00bbsection-samsung\u00a0\u00bb][vc_row][vc_column][vc_column_text]\n<h2 style=\"text-align: center;\">SAMSUNG GALAXY TACTICAL \u00c9DITION CONSOMMATEUR<\/h2>\n[\/vc_column_text][vc_column_text]\n<h3 style=\"text-align: center;\">Le t\u00e9l\u00e9phone intelligent militaire test\u00e9 par les op\u00e9rateurs<\/h3>\n[\/vc_column_text][vc_row_inner equal_height=\u00a0\u00bbyes\u00a0\u00bb content_placement=\u00a0\u00bbmiddle\u00a0\u00bb el_class=\u00a0\u00bbsection-inner\u00a0\u00bb][vc_column_inner width=\u00a0\u00bb1\/2&Prime;][vc_column_text]\n<ul>\n<li>Fonctionnalit\u00e9s tactiques exclusives<\/li>\n<li>Capturez l&rsquo;intelligence en basse lumi\u00e8re<\/li>\n<li>Obtenez une vision claire de la mission<\/li>\n<\/ul>\n[\/vc_column_text][\/vc_column_inner][vc_column_inner width=\u00a0\u00bb1\/2&Prime;][vc_single_image image=\u00a0\u00bb210&Prime; img_size=\u00a0\u00bbfull\u00a0\u00bb][\/vc_column_inner][\/vc_row_inner][vc_btn title=\u00a0\u00bbCommander maintenant\u00a0\u00bb style=\u00a0\u00bbflat\u00a0\u00bb shape=\u00a0\u00bbsquare\u00a0\u00bb align=\u00a0\u00bbcenter\u00a0\u00bb link=\u00a0\u00bburl:%2Ffr%2Fsamsungs20%2F\u00a0\u00bb el_class=\u00a0\u00bbcustom-btn\u00a0\u00bb][\/vc_column][\/vc_row][\/vc_section]\n<\/div>","protected":false},"excerpt":{"rendered":"<p>[vc_row][vc_column][vc_column_text el_class=\u00a0\u00bbleft-verti-text\u00a0\u00bb]solutions tactiques next-gen[\/vc_column_text][\/vc_column][\/vc_row][vc_section full_width=\u00a0\u00bbstretch_row_content\u00a0\u00bb el_class=\u00a0\u00bbsection-header\u00a0\u00bb][vc_row el_class=\u00a0\u00bbvideo-section\u00a0\u00bb][vc_column][vc_raw_html]JTNDdmlkZW8lMjBpZCUzRCUyMnZpZGVvJTIyJTIwYXV0b3BsYXklMjBsb29wJTIwcGxheXNpbmxpbmUlMjBtdXRlZCUyMGNsYXNzJTNEJTIyZGVza3RvcC12aWRlbyUyMiUzRSUwQSUwOSUzQ3NvdXJjZSUyMGRhdGEtc3JjJTNEJTIyJTJGd3AtY29udGVudCUyRnVwbG9hZHMlMkZ2aWRlbyUyRmludGVyLW9wXzIwMjJfbG93cmVzLm1wNCUyMiUyMHR5cGUlM0QlMjJ2aWRlbyUyRm1wNCUyMiUyMHNyYyUzRCUyMiUyRndwLWNvbnRlbnQlMkZ1cGxvYWRzJTJGdmlkZW8lMkZpbnRlci1vcF8yMDIyX2xvd3Jlcy5tcDQlMjIlM0UlMEElM0MlMkZ2aWRlbyUzRQ==[\/vc_raw_html][\/vc_column][\/vc_row][vc_row el_class=\u00a0\u00bbsection-titre\u00a0\u00bb][vc_column][vc_column_text] SOLUTIONS ET SERVICES POUR VOS BESOINS CRITIQUES EN MISSION [\/vc_column_text][vc_column_text]Inter-op couvre des secteurs d&rsquo;activit\u00e9 forts et exigeants. nos solutions critiques exploitent l&rsquo;intersection et\/ou la confluence de plusieurs technologies telles que l&rsquo;IA, la cryptographie, l&rsquo;IOT et le LTE.[\/vc_column_text][vc_column_text el_class=\u00a0\u00bbcustom-btn-2&Prime;]En savoir plus sur inter-op[\/vc_column_text][\/vc_column][\/vc_row][\/vc_section][vc_section full_width=\u00a0\u00bbstretch_row_content\u00a0\u00bb el_class=\u00a0\u00bbsection-solutions\u00a0\u00bb][vc_row][vc_column][vc_column_text] des solutions adapt\u00e9es \u00e0 tout [\/vc_column_text][vc_column_text] des solutions &#8230;<\/p>\n","protected":false},"author":1,"featured_media":0,"parent":0,"menu_order":0,"comment_status":"closed","ping_status":"closed","template":"template-blank-1.php","meta":{"_monsterinsights_skip_tracking":false,"_monsterinsights_sitenote_active":false,"_monsterinsights_sitenote_note":"","_monsterinsights_sitenote_category":0,"footnotes":""},"class_list":["post-206","page","type-page","status-publish","hentry","no-post-thumbnail"],"_links":{"self":[{"href":"https:\/\/inter-op.ca\/fr\/wp-json\/wp\/v2\/pages\/206","targetHints":{"allow":["GET"]}}],"collection":[{"href":"https:\/\/inter-op.ca\/fr\/wp-json\/wp\/v2\/pages"}],"about":[{"href":"https:\/\/inter-op.ca\/fr\/wp-json\/wp\/v2\/types\/page"}],"author":[{"embeddable":true,"href":"https:\/\/inter-op.ca\/fr\/wp-json\/wp\/v2\/users\/1"}],"replies":[{"embeddable":true,"href":"https:\/\/inter-op.ca\/fr\/wp-json\/wp\/v2\/comments?post=206"}],"version-history":[{"count":0,"href":"https:\/\/inter-op.ca\/fr\/wp-json\/wp\/v2\/pages\/206\/revisions"}],"wp:attachment":[{"href":"https:\/\/inter-op.ca\/fr\/wp-json\/wp\/v2\/media?parent=206"}],"curies":[{"name":"wp","href":"https:\/\/api.w.org\/{rel}","templated":true}]}}